{"id":5090,"date":"2021-06-29T16:15:14","date_gmt":"2021-06-29T14:15:14","guid":{"rendered":"https:\/\/pyromeral.com\/?page_id=5090"},"modified":"2024-03-29T16:20:45","modified_gmt":"2024-03-29T15:20:45","slug":"solutions-sur-mesures","status":"publish","type":"page","link":"https:\/\/pyromeral.com\/fr\/solutions-sur-mesures\/","title":{"rendered":"Solutions sur-mesures"},"content":{"rendered":"\t\t<div data-elementor-type=\"wp-page\" data-elementor-id=\"5090\" class=\"elementor elementor-5090\">\n\t\t\t\t\t\t<section class=\"elementor-section elementor-top-section elementor-element elementor-element-944add7 elementor-section-boxed elementor-section-height-default elementor-section-height-default\" data-id=\"944add7\" data-element_type=\"section\">\n\t\t\t\t\t\t<div class=\"elementor-container elementor-column-gap-default\">\n\t\t\t\t\t<div class=\"elementor-column elementor-col-50 elementor-top-column elementor-element elementor-element-76c96f3\" data-id=\"76c96f3\" data-element_type=\"column\">\n\t\t\t<div class=\"elementor-widget-wrap elementor-element-populated\">\n\t\t\t\t\t\t<div class=\"elementor-element elementor-element-404e789 elementor-widget elementor-widget-spacer\" data-id=\"404e789\" data-element_type=\"widget\" data-widget_type=\"spacer.default\">\n\t\t\t\t<div class=\"elementor-widget-container\">\n\t\t\t\t\t<div class=\"elementor-spacer\">\n\t\t\t<div class=\"elementor-spacer-inner\"><\/div>\n\t\t<\/div>\n\t\t\t\t<\/div>\n\t\t\t\t<\/div>\n\t\t\t\t<div class=\"elementor-element elementor-element-8966ea4 aleft elementor-widget elementor-widget-wgl-double-headings\" data-id=\"8966ea4\" data-element_type=\"widget\" data-widget_type=\"wgl-double-headings.default\">\n\t\t\t\t<div class=\"elementor-widget-container\">\n\t\t\t<div class=\"wgl-double_heading\"><div class=\"dbl__subtitle\">Pyromeral<\/div><h3 class=\"dbl__title-wrapper\"><span class=\"dbl__title dbl__title_1\">Adapter nos technologies <\/span><span class=\"dbl__title dbl__title_2\">aux demandes particuli\u00e8res<\/span><\/h3><\/div>\t\t<\/div>\n\t\t\t\t<\/div>\n\t\t\t\t<div class=\"elementor-element elementor-element-83a2ff7 elementor-widget elementor-widget-text-editor\" data-id=\"83a2ff7\" data-element_type=\"widget\" data-widget_type=\"text-editor.default\">\n\t\t\t\t<div class=\"elementor-widget-container\">\n\t\t\t\t\t\t\t<p><span>Aucun projet n&#8217;est trop petit pour nous, parce que toutes les nouvelles id\u00e9es m\u00e9ritent d&#8217;\u00eatre \u00e9tudi\u00e9es. Bien que notre gamme actuelle de solutions couvre un large \u00e9ventail d&#8217;applications n\u00e9cessitant une\u00a0<\/span><em class=\"normal\">r\u00e9sistance \u00e0 la chaleur ou au feu<\/em><span>, nous reconnaissons que de nouveaux mod\u00e8les, projets ou id\u00e9es requi\u00e8rent des mat\u00e9riaux fabriqu\u00e9s sur mesure. Nous accompagnons souvent nos clients dans le d\u00e9veloppement de ces mesures ponctuelles ou des solutions uniques.<\/span><\/p>\t\t\t\t\t\t<\/div>\n\t\t\t\t<\/div>\n\t\t\t\t<div class=\"elementor-element elementor-element-1d9baf3 elementor-widget elementor-widget-heading\" data-id=\"1d9baf3\" data-element_type=\"widget\" data-widget_type=\"heading.default\">\n\t\t\t\t<div class=\"elementor-widget-container\">\n\t\t\t<h6 class=\"elementor-heading-title elementor-size-default\">Des d\u00e9veloppements \u00e0 la demande ont \u00e9t\u00e9 men\u00e9s dans les domaines suivants :<\/h6>\t\t<\/div>\n\t\t\t\t<\/div>\n\t\t\t\t<div class=\"elementor-element elementor-element-5ad952e elementor-icon-list--layout-traditional elementor-list-item-link-full_width elementor-widget elementor-widget-icon-list\" data-id=\"5ad952e\" data-element_type=\"widget\" data-widget_type=\"icon-list.default\">\n\t\t\t\t<div class=\"elementor-widget-container\">\n\t\t\t\t\t<ul class=\"elementor-icon-list-items\">\n\t\t\t\t\t\t\t<li class=\"elementor-icon-list-item\">\n\t\t\t\t\t\t\t\t\t\t\t<span class=\"elementor-icon-list-icon\">\n\t\t\t\t\t\t\t<i aria-hidden=\"true\" class=\"fas fa-check\"><\/i>\t\t\t\t\t\t<\/span>\n\t\t\t\t\t\t\t\t\t\t<span class=\"elementor-icon-list-text\">D\u00e9veloppement de mat\u00e9riaux hybrides, y compris sur des mod\u00e8les avec des disparit\u00e9s de CTE<\/span>\n\t\t\t\t\t\t\t\t\t<\/li>\n\t\t\t\t\t\t\t\t<li class=\"elementor-icon-list-item\">\n\t\t\t\t\t\t\t\t\t\t\t<span class=\"elementor-icon-list-icon\">\n\t\t\t\t\t\t\t<i aria-hidden=\"true\" class=\"fas fa-check\"><\/i>\t\t\t\t\t\t<\/span>\n\t\t\t\t\t\t\t\t\t\t<span class=\"elementor-icon-list-text\">D\u00e9veloppement de c\u00e9ramique technique coulable durcie \u00e0 basse temp\u00e9rature<\/span>\n\t\t\t\t\t\t\t\t\t<\/li>\n\t\t\t\t\t\t\t\t<li class=\"elementor-icon-list-item\">\n\t\t\t\t\t\t\t\t\t\t\t<span class=\"elementor-icon-list-icon\">\n\t\t\t\t\t\t\t<i aria-hidden=\"true\" class=\"fas fa-check\"><\/i>\t\t\t\t\t\t<\/span>\n\t\t\t\t\t\t\t\t\t\t<span class=\"elementor-icon-list-text\">Int\u00e9gration des composites \u00e0 haute temp\u00e9rature dans les syst\u00e8mes existants et nouveaux<\/span>\n\t\t\t\t\t\t\t\t\t<\/li>\n\t\t\t\t\t\t\t\t<li class=\"elementor-icon-list-item\">\n\t\t\t\t\t\t\t\t\t\t\t<span class=\"elementor-icon-list-icon\">\n\t\t\t\t\t\t\t<i aria-hidden=\"true\" class=\"fas fa-check\"><\/i>\t\t\t\t\t\t<\/span>\n\t\t\t\t\t\t\t\t\t\t<span class=\"elementor-icon-list-text\">D\u00e9veloppement de syst\u00e8mes complets con\u00e7us pour l'exposition \u00e0 des temp\u00e9ratures \u00e9lev\u00e9es<\/span>\n\t\t\t\t\t\t\t\t\t<\/li>\n\t\t\t\t\t\t\t\t<li class=\"elementor-icon-list-item\">\n\t\t\t\t\t\t\t\t\t\t\t<span class=\"elementor-icon-list-icon\">\n\t\t\t\t\t\t\t<i aria-hidden=\"true\" class=\"fas fa-check\"><\/i>\t\t\t\t\t\t<\/span>\n\t\t\t\t\t\t\t\t\t\t<span class=\"elementor-icon-list-text\">Produits pour les fonderies et la transformation des m\u00e9taux<\/span>\n\t\t\t\t\t\t\t\t\t<\/li>\n\t\t\t\t\t\t<\/ul>\n\t\t\t\t<\/div>\n\t\t\t\t<\/div>\n\t\t\t\t\t<\/div>\n\t\t<\/div>\n\t\t\t\t<div class=\"elementor-column elementor-col-50 elementor-top-column elementor-element elementor-element-7e22bb3\" data-id=\"7e22bb3\" data-element_type=\"column\" data-settings=\"{&quot;background_background&quot;:&quot;classic&quot;}\">\n\t\t\t<div class=\"elementor-widget-wrap elementor-element-populated\">\n\t\t\t\t\t\t<div class=\"elementor-element elementor-element-b9a21f0 elementor-widget elementor-widget-spacer\" data-id=\"b9a21f0\" data-element_type=\"widget\" data-widget_type=\"spacer.default\">\n\t\t\t\t<div class=\"elementor-widget-container\">\n\t\t\t\t\t<div class=\"elementor-spacer\">\n\t\t\t<div class=\"elementor-spacer-inner\"><\/div>\n\t\t<\/div>\n\t\t\t\t<\/div>\n\t\t\t\t<\/div>\n\t\t\t\t<div class=\"elementor-element elementor-element-23e76b8 elementor-widget elementor-widget-spacer\" data-id=\"23e76b8\" data-element_type=\"widget\" data-widget_type=\"spacer.default\">\n\t\t\t\t<div class=\"elementor-widget-container\">\n\t\t\t\t\t<div class=\"elementor-spacer\">\n\t\t\t<div class=\"elementor-spacer-inner\"><\/div>\n\t\t<\/div>\n\t\t\t\t<\/div>\n\t\t\t\t<\/div>\n\t\t\t\t<div class=\"elementor-element elementor-element-a2b8788 elementor-absolute elementor-widget elementor-widget-heading\" data-id=\"a2b8788\" data-element_type=\"widget\" data-settings=\"{&quot;_position&quot;:&quot;absolute&quot;}\" data-widget_type=\"heading.default\">\n\t\t\t\t<div class=\"elementor-widget-container\">\n\t\t\t<h6 class=\"elementor-heading-title elementor-size-default\">\u00c9chantillons de mat\u00e9riaux<\/h6>\t\t<\/div>\n\t\t\t\t<\/div>\n\t\t\t\t\t<\/div>\n\t\t<\/div>\n\t\t\t\t\t<\/div>\n\t\t<\/section>\n\t\t\t\t<section class=\"elementor-section elementor-top-section elementor-element elementor-element-0f010df elementor-section-boxed elementor-section-height-default elementor-section-height-default\" data-id=\"0f010df\" data-element_type=\"section\">\n\t\t\t\t\t\t<div class=\"elementor-container elementor-column-gap-default\">\n\t\t\t\t\t<div class=\"elementor-column elementor-col-50 elementor-top-column elementor-element elementor-element-f4e79fd\" data-id=\"f4e79fd\" data-element_type=\"column\" data-settings=\"{&quot;background_background&quot;:&quot;classic&quot;}\">\n\t\t\t<div class=\"elementor-widget-wrap elementor-element-populated\">\n\t\t\t\t\t\t<div class=\"elementor-element elementor-element-5b0c3b5 elementor-widget elementor-widget-image\" data-id=\"5b0c3b5\" data-element_type=\"widget\" data-widget_type=\"image.default\">\n\t\t\t\t<div class=\"elementor-widget-container\">\n\t\t\t\t\t\t\t\t\t\t\t\t\t<img fetchpriority=\"high\" decoding=\"async\" width=\"600\" height=\"147\" src=\"https:\/\/pyromeral.com\/wp-content\/uploads\/2021\/06\/bandeau-custom-solutions.jpeg\" class=\"attachment-full size-full wp-image-5103\" alt=\"\" srcset=\"https:\/\/pyromeral.com\/wp-content\/uploads\/2021\/06\/bandeau-custom-solutions.jpeg 600w, https:\/\/pyromeral.com\/wp-content\/uploads\/2021\/06\/bandeau-custom-solutions-300x74.jpeg 300w\" sizes=\"(max-width: 600px) 100vw, 600px\" \/>\t\t\t\t\t\t\t\t\t\t\t\t\t<\/div>\n\t\t\t\t<\/div>\n\t\t\t\t\t<\/div>\n\t\t<\/div>\n\t\t\t\t<div class=\"elementor-column elementor-col-50 elementor-top-column elementor-element elementor-element-8b844fe\" data-id=\"8b844fe\" data-element_type=\"column\">\n\t\t\t<div class=\"elementor-widget-wrap elementor-element-populated\">\n\t\t\t\t\t\t<div class=\"elementor-element elementor-element-acb9790 elementor-widget elementor-widget-heading\" data-id=\"acb9790\" data-element_type=\"widget\" data-widget_type=\"heading.default\">\n\t\t\t\t<div class=\"elementor-widget-container\">\n\t\t\t<h6 class=\"elementor-heading-title elementor-size-default\">Nos Marques :<\/h6>\t\t<\/div>\n\t\t\t\t<\/div>\n\t\t\t\t<div class=\"elementor-element elementor-element-0e91704 elementor-icon-list--layout-traditional elementor-list-item-link-full_width elementor-widget elementor-widget-icon-list\" data-id=\"0e91704\" data-element_type=\"widget\" data-widget_type=\"icon-list.default\">\n\t\t\t\t<div class=\"elementor-widget-container\">\n\t\t\t\t\t<ul class=\"elementor-icon-list-items\">\n\t\t\t\t\t\t\t<li class=\"elementor-icon-list-item\">\n\t\t\t\t\t\t\t\t\t\t\t<span class=\"elementor-icon-list-icon\">\n\t\t\t\t\t\t\t<i aria-hidden=\"true\" class=\"fas fa-chevron-right\"><\/i>\t\t\t\t\t\t<\/span>\n\t\t\t\t\t\t\t\t\t\t<span class=\"elementor-icon-list-text\">PyroSic\u00ae (Composites)<\/span>\n\t\t\t\t\t\t\t\t\t<\/li>\n\t\t\t\t\t\t\t\t<li class=\"elementor-icon-list-item\">\n\t\t\t\t\t\t\t\t\t\t\t<span class=\"elementor-icon-list-icon\">\n\t\t\t\t\t\t\t<i aria-hidden=\"true\" class=\"fas fa-chevron-right\"><\/i>\t\t\t\t\t\t<\/span>\n\t\t\t\t\t\t\t\t\t\t<span class=\"elementor-icon-list-text\">PyroKarb\u2122 (Composites)<\/span>\n\t\t\t\t\t\t\t\t\t<\/li>\n\t\t\t\t\t\t\t\t<li class=\"elementor-icon-list-item\">\n\t\t\t\t\t\t\t\t\t\t\t<span class=\"elementor-icon-list-icon\">\n\t\t\t\t\t\t\t<i aria-hidden=\"true\" class=\"fas fa-chevron-right\"><\/i>\t\t\t\t\t\t<\/span>\n\t\t\t\t\t\t\t\t\t\t<span class=\"elementor-icon-list-text\">PyroTool\u2122 (Mat\u00e9riau d'usinage)<\/span>\n\t\t\t\t\t\t\t\t\t<\/li>\n\t\t\t\t\t\t\t\t<li class=\"elementor-icon-list-item\">\n\t\t\t\t\t\t\t\t\t\t\t<span class=\"elementor-icon-list-icon\">\n\t\t\t\t\t\t\t<i aria-hidden=\"true\" class=\"fas fa-chevron-right\"><\/i>\t\t\t\t\t\t<\/span>\n\t\t\t\t\t\t\t\t\t\t<span class=\"elementor-icon-list-text\">PyroXide (Composites)<\/span>\n\t\t\t\t\t\t\t\t\t<\/li>\n\t\t\t\t\t\t\t\t<li class=\"elementor-icon-list-item\">\n\t\t\t\t\t\t\t\t\t\t\t<span class=\"elementor-icon-list-icon\">\n\t\t\t\t\t\t\t<i aria-hidden=\"true\" class=\"fas fa-chevron-right\"><\/i>\t\t\t\t\t\t<\/span>\n\t\t\t\t\t\t\t\t\t\t<span class=\"elementor-icon-list-text\">Tactylit\u00ae (Manipulation verre creux)<\/span>\n\t\t\t\t\t\t\t\t\t<\/li>\n\t\t\t\t\t\t<\/ul>\n\t\t\t\t<\/div>\n\t\t\t\t<\/div>\n\t\t\t\t\t<\/div>\n\t\t<\/div>\n\t\t\t\t\t<\/div>\n\t\t<\/section>\n\t\t\t\t<section class=\"elementor-section elementor-top-section elementor-element elementor-element-55f8fdd elementor-section-full_width elementor-section-height-default elementor-section-height-default elementor-invisible\" data-id=\"55f8fdd\" data-element_type=\"section\" data-settings=\"{&quot;background_background&quot;:&quot;classic&quot;,&quot;animation&quot;:&quot;fadeInLeft&quot;}\">\n\t\t\t\t\t\t\t<div class=\"elementor-background-overlay\"><\/div>\n\t\t\t\t\t\t\t<div class=\"elementor-container elementor-column-gap-default\">\n\t\t\t\t\t<div class=\"elementor-column elementor-col-100 elementor-top-column elementor-element elementor-element-ca262e3\" data-id=\"ca262e3\" data-element_type=\"column\">\n\t\t\t<div class=\"elementor-widget-wrap elementor-element-populated\">\n\t\t\t\t\t\t<div class=\"elementor-element elementor-element-cc25a8a elementor-widget elementor-widget-spacer\" data-id=\"cc25a8a\" data-element_type=\"widget\" data-widget_type=\"spacer.default\">\n\t\t\t\t<div class=\"elementor-widget-container\">\n\t\t\t\t\t<div class=\"elementor-spacer\">\n\t\t\t<div class=\"elementor-spacer-inner\"><\/div>\n\t\t<\/div>\n\t\t\t\t<\/div>\n\t\t\t\t<\/div>\n\t\t\t\t<section class=\"elementor-section elementor-inner-section elementor-element elementor-element-0653860 elementor-section-boxed elementor-section-height-default elementor-section-height-default\" data-id=\"0653860\" data-element_type=\"section\">\n\t\t\t\t\t\t<div class=\"elementor-container elementor-column-gap-default\">\n\t\t\t\t\t<div class=\"elementor-column elementor-col-33 elementor-inner-column elementor-element elementor-element-41252b1\" data-id=\"41252b1\" data-element_type=\"column\">\n\t\t\t<div class=\"elementor-widget-wrap elementor-element-populated\">\n\t\t\t\t\t\t<div class=\"elementor-element elementor-element-98d967b elementor-widget__width-initial aleft elementor-widget elementor-widget-wgl-double-headings\" data-id=\"98d967b\" data-element_type=\"widget\" data-widget_type=\"wgl-double-headings.default\">\n\t\t\t\t<div class=\"elementor-widget-container\">\n\t\t\t<div class=\"wgl-double_heading\"><h3 class=\"dbl__title-wrapper\"><span class=\"dbl__title dbl__title_1\">Contactez-nous<\/span><\/h3><\/div>\t\t<\/div>\n\t\t\t\t<\/div>\n\t\t\t\t<div class=\"elementor-element elementor-element-6583597 elementor-widget elementor-widget-text-editor\" data-id=\"6583597\" data-element_type=\"widget\" data-widget_type=\"text-editor.default\">\n\t\t\t\t<div class=\"elementor-widget-container\">\n\t\t\t\t\t\t\t<p><span>Gr\u00e2ce \u00e0 notre expertise dans la fabrication de pi\u00e8ces en mat\u00e9riaux composites \u00e0 haute temp\u00e9rature, nous sommes bien positionn\u00e9s pour aider nos clients \u00e0 satisfaire rapidement et efficacement leurs projets.<\/span><\/p>\t\t\t\t\t\t<\/div>\n\t\t\t\t<\/div>\n\t\t\t\t\t<\/div>\n\t\t<\/div>\n\t\t\t\t<div class=\"elementor-column elementor-col-66 elementor-inner-column elementor-element elementor-element-2aa7e7a\" data-id=\"2aa7e7a\" data-element_type=\"column\">\n\t\t\t<div class=\"elementor-widget-wrap elementor-element-populated\">\n\t\t\t\t\t\t<div class=\"elementor-element elementor-element-04aaa89 elementor-widget elementor-widget-spacer\" data-id=\"04aaa89\" data-element_type=\"widget\" data-widget_type=\"spacer.default\">\n\t\t\t\t<div class=\"elementor-widget-container\">\n\t\t\t\t\t<div class=\"elementor-spacer\">\n\t\t\t<div class=\"elementor-spacer-inner\"><\/div>\n\t\t<\/div>\n\t\t\t\t<\/div>\n\t\t\t\t<\/div>\n\t\t\t\t<div class=\"elementor-element elementor-element-568c54f acenter elementor-widget elementor-widget-wgl-button\" data-id=\"568c54f\" data-element_type=\"widget\" data-widget_type=\"wgl-button.default\">\n\t\t\t\t<div class=\"elementor-widget-container\">\n\t\t\t<div class=\"button-wrapper\"><a  class=\"wgl-button btn-size-md \" role=\"button\" href=\"https:\/\/pyromeral.com\/fr\/contact\/\"><div class=\"button-content-wrapper \"><span class=\"wgl-button-text\">nous contacter<\/span><\/div><\/a><\/div>\t\t<\/div>\n\t\t\t\t<\/div>\n\t\t\t\t\t<\/div>\n\t\t<\/div>\n\t\t\t\t\t<\/div>\n\t\t<\/section>\n\t\t\t\t<div class=\"elementor-element elementor-element-3ce97ad elementor-widget elementor-widget-spacer\" data-id=\"3ce97ad\" data-element_type=\"widget\" data-widget_type=\"spacer.default\">\n\t\t\t\t<div class=\"elementor-widget-container\">\n\t\t\t\t\t<div class=\"elementor-spacer\">\n\t\t\t<div class=\"elementor-spacer-inner\"><\/div>\n\t\t<\/div>\n\t\t\t\t<\/div>\n\t\t\t\t<\/div>\n\t\t\t\t\t<\/div>\n\t\t<\/div>\n\t\t\t\t\t<\/div>\n\t\t<\/section>\n\t\t\t\t<\/div>\n\t\t","protected":false},"excerpt":{"rendered":"<p>Pyromeral Adapter nos technologies aux demandes particuli\u00e8res Aucun projet n&#8217;est trop petit pour nous, parce que toutes les nouvelles id\u00e9es m\u00e9ritent d&#8217;\u00eatre \u00e9tudi\u00e9es. Bien que notre gamme actuelle de solutions couvre un large \u00e9ventail d&#8217;applications n\u00e9cessitant une\u00a0r\u00e9sistance \u00e0 la chaleur ou au feu, nous reconnaissons que de nouveaux mod\u00e8les, projets ou id\u00e9es requi\u00e8rent des mat\u00e9riaux [&hellip;]<\/p>\n","protected":false},"author":4,"featured_media":0,"parent":0,"menu_order":0,"comment_status":"closed","ping_status":"closed","template":"","meta":{"footnotes":""},"class_list":["post-5090","page","type-page","status-publish","hentry"],"yoast_head":"<!-- This site is optimized with the Yoast SEO plugin v27.4 - https:\/\/yoast.com\/product\/yoast-seo-wordpress\/ -->\n<title>Solutions sur-mesures - Pyromeral<\/title>\n<meta name=\"robots\" content=\"index, follow, max-snippet:-1, max-image-preview:large, max-video-preview:-1\" \/>\n<link rel=\"canonical\" href=\"https:\/\/pyromeral.com\/fr\/solutions-sur-mesures\/\" \/>\n<meta property=\"og:locale\" content=\"fr_FR\" \/>\n<meta property=\"og:type\" content=\"article\" \/>\n<meta property=\"og:title\" content=\"Solutions sur-mesures - Pyromeral\" \/>\n<meta property=\"og:description\" content=\"Pyromeral Adapter nos technologies aux demandes particuli\u00e8res Aucun projet n&#8217;est trop petit pour nous, parce que toutes les nouvelles id\u00e9es m\u00e9ritent d&#8217;\u00eatre \u00e9tudi\u00e9es. Bien que notre gamme actuelle de solutions couvre un large \u00e9ventail d&#8217;applications n\u00e9cessitant une\u00a0r\u00e9sistance \u00e0 la chaleur ou au feu, nous reconnaissons que de nouveaux mod\u00e8les, projets ou id\u00e9es requi\u00e8rent des mat\u00e9riaux [&hellip;]\" \/>\n<meta property=\"og:url\" content=\"https:\/\/pyromeral.com\/fr\/solutions-sur-mesures\/\" \/>\n<meta property=\"og:site_name\" content=\"Pyromeral\" \/>\n<meta property=\"article:modified_time\" content=\"2024-03-29T15:20:45+00:00\" \/>\n<meta property=\"og:image\" content=\"https:\/\/pyromeral.com\/wp-content\/uploads\/2021\/06\/bandeau-custom-solutions.jpeg\" \/>\n<meta name=\"twitter:card\" content=\"summary_large_image\" \/>\n<meta name=\"twitter:label1\" content=\"Dur\u00e9e de lecture estim\u00e9e\" \/>\n\t<meta name=\"twitter:data1\" content=\"2 minutes\" \/>\n<script type=\"application\/ld+json\" class=\"yoast-schema-graph\">{\"@context\":\"https:\\\/\\\/schema.org\",\"@graph\":[{\"@type\":\"WebPage\",\"@id\":\"https:\\\/\\\/pyromeral.com\\\/fr\\\/solutions-sur-mesures\\\/\",\"url\":\"https:\\\/\\\/pyromeral.com\\\/fr\\\/solutions-sur-mesures\\\/\",\"name\":\"Solutions sur-mesures - Pyromeral\",\"isPartOf\":{\"@id\":\"https:\\\/\\\/pyromeral.com\\\/fr\\\/#website\"},\"primaryImageOfPage\":{\"@id\":\"https:\\\/\\\/pyromeral.com\\\/fr\\\/solutions-sur-mesures\\\/#primaryimage\"},\"image\":{\"@id\":\"https:\\\/\\\/pyromeral.com\\\/fr\\\/solutions-sur-mesures\\\/#primaryimage\"},\"thumbnailUrl\":\"https:\\\/\\\/pyromeral.com\\\/wp-content\\\/uploads\\\/2021\\\/06\\\/bandeau-custom-solutions.jpeg\",\"datePublished\":\"2021-06-29T14:15:14+00:00\",\"dateModified\":\"2024-03-29T15:20:45+00:00\",\"breadcrumb\":{\"@id\":\"https:\\\/\\\/pyromeral.com\\\/fr\\\/solutions-sur-mesures\\\/#breadcrumb\"},\"inLanguage\":\"fr-FR\",\"potentialAction\":[{\"@type\":\"ReadAction\",\"target\":[\"https:\\\/\\\/pyromeral.com\\\/fr\\\/solutions-sur-mesures\\\/\"]}]},{\"@type\":\"ImageObject\",\"inLanguage\":\"fr-FR\",\"@id\":\"https:\\\/\\\/pyromeral.com\\\/fr\\\/solutions-sur-mesures\\\/#primaryimage\",\"url\":\"https:\\\/\\\/pyromeral.com\\\/wp-content\\\/uploads\\\/2021\\\/06\\\/bandeau-custom-solutions.jpeg\",\"contentUrl\":\"https:\\\/\\\/pyromeral.com\\\/wp-content\\\/uploads\\\/2021\\\/06\\\/bandeau-custom-solutions.jpeg\"},{\"@type\":\"BreadcrumbList\",\"@id\":\"https:\\\/\\\/pyromeral.com\\\/fr\\\/solutions-sur-mesures\\\/#breadcrumb\",\"itemListElement\":[{\"@type\":\"ListItem\",\"position\":1,\"name\":\"Accueil\",\"item\":\"https:\\\/\\\/pyromeral.com\\\/fr\\\/\"},{\"@type\":\"ListItem\",\"position\":2,\"name\":\"Solutions sur-mesures\"}]},{\"@type\":\"WebSite\",\"@id\":\"https:\\\/\\\/pyromeral.com\\\/fr\\\/#website\",\"url\":\"https:\\\/\\\/pyromeral.com\\\/fr\\\/\",\"name\":\"Pyromeral\",\"description\":\"\",\"publisher\":{\"@id\":\"https:\\\/\\\/pyromeral.com\\\/fr\\\/#organization\"},\"potentialAction\":[{\"@type\":\"SearchAction\",\"target\":{\"@type\":\"EntryPoint\",\"urlTemplate\":\"https:\\\/\\\/pyromeral.com\\\/fr\\\/?s={search_term_string}\"},\"query-input\":{\"@type\":\"PropertyValueSpecification\",\"valueRequired\":true,\"valueName\":\"search_term_string\"}}],\"inLanguage\":\"fr-FR\"},{\"@type\":\"Organization\",\"@id\":\"https:\\\/\\\/pyromeral.com\\\/fr\\\/#organization\",\"name\":\"Pyromeral\",\"url\":\"https:\\\/\\\/pyromeral.com\\\/fr\\\/\",\"logo\":{\"@type\":\"ImageObject\",\"inLanguage\":\"fr-FR\",\"@id\":\"https:\\\/\\\/pyromeral.com\\\/fr\\\/#\\\/schema\\\/logo\\\/image\\\/\",\"url\":\"https:\\\/\\\/pyromeral.com\\\/wp-content\\\/uploads\\\/2021\\\/06\\\/logo.png\",\"contentUrl\":\"https:\\\/\\\/pyromeral.com\\\/wp-content\\\/uploads\\\/2021\\\/06\\\/logo.png\",\"width\":420,\"height\":150,\"caption\":\"Pyromeral\"},\"image\":{\"@id\":\"https:\\\/\\\/pyromeral.com\\\/fr\\\/#\\\/schema\\\/logo\\\/image\\\/\"}}]}<\/script>\n<!-- \/ Yoast SEO plugin. -->","yoast_head_json":{"title":"Solutions sur-mesures - Pyromeral","robots":{"index":"index","follow":"follow","max-snippet":"max-snippet:-1","max-image-preview":"max-image-preview:large","max-video-preview":"max-video-preview:-1"},"canonical":"https:\/\/pyromeral.com\/fr\/solutions-sur-mesures\/","og_locale":"fr_FR","og_type":"article","og_title":"Solutions sur-mesures - Pyromeral","og_description":"Pyromeral Adapter nos technologies aux demandes particuli\u00e8res Aucun projet n&#8217;est trop petit pour nous, parce que toutes les nouvelles id\u00e9es m\u00e9ritent d&#8217;\u00eatre \u00e9tudi\u00e9es. Bien que notre gamme actuelle de solutions couvre un large \u00e9ventail d&#8217;applications n\u00e9cessitant une\u00a0r\u00e9sistance \u00e0 la chaleur ou au feu, nous reconnaissons que de nouveaux mod\u00e8les, projets ou id\u00e9es requi\u00e8rent des mat\u00e9riaux [&hellip;]","og_url":"https:\/\/pyromeral.com\/fr\/solutions-sur-mesures\/","og_site_name":"Pyromeral","article_modified_time":"2024-03-29T15:20:45+00:00","og_image":[{"url":"https:\/\/pyromeral.com\/wp-content\/uploads\/2021\/06\/bandeau-custom-solutions.jpeg","type":"","width":"","height":""}],"twitter_card":"summary_large_image","twitter_misc":{"Dur\u00e9e de lecture estim\u00e9e":"2 minutes"},"schema":{"@context":"https:\/\/schema.org","@graph":[{"@type":"WebPage","@id":"https:\/\/pyromeral.com\/fr\/solutions-sur-mesures\/","url":"https:\/\/pyromeral.com\/fr\/solutions-sur-mesures\/","name":"Solutions sur-mesures - Pyromeral","isPartOf":{"@id":"https:\/\/pyromeral.com\/fr\/#website"},"primaryImageOfPage":{"@id":"https:\/\/pyromeral.com\/fr\/solutions-sur-mesures\/#primaryimage"},"image":{"@id":"https:\/\/pyromeral.com\/fr\/solutions-sur-mesures\/#primaryimage"},"thumbnailUrl":"https:\/\/pyromeral.com\/wp-content\/uploads\/2021\/06\/bandeau-custom-solutions.jpeg","datePublished":"2021-06-29T14:15:14+00:00","dateModified":"2024-03-29T15:20:45+00:00","breadcrumb":{"@id":"https:\/\/pyromeral.com\/fr\/solutions-sur-mesures\/#breadcrumb"},"inLanguage":"fr-FR","potentialAction":[{"@type":"ReadAction","target":["https:\/\/pyromeral.com\/fr\/solutions-sur-mesures\/"]}]},{"@type":"ImageObject","inLanguage":"fr-FR","@id":"https:\/\/pyromeral.com\/fr\/solutions-sur-mesures\/#primaryimage","url":"https:\/\/pyromeral.com\/wp-content\/uploads\/2021\/06\/bandeau-custom-solutions.jpeg","contentUrl":"https:\/\/pyromeral.com\/wp-content\/uploads\/2021\/06\/bandeau-custom-solutions.jpeg"},{"@type":"BreadcrumbList","@id":"https:\/\/pyromeral.com\/fr\/solutions-sur-mesures\/#breadcrumb","itemListElement":[{"@type":"ListItem","position":1,"name":"Accueil","item":"https:\/\/pyromeral.com\/fr\/"},{"@type":"ListItem","position":2,"name":"Solutions sur-mesures"}]},{"@type":"WebSite","@id":"https:\/\/pyromeral.com\/fr\/#website","url":"https:\/\/pyromeral.com\/fr\/","name":"Pyromeral","description":"","publisher":{"@id":"https:\/\/pyromeral.com\/fr\/#organization"},"potentialAction":[{"@type":"SearchAction","target":{"@type":"EntryPoint","urlTemplate":"https:\/\/pyromeral.com\/fr\/?s={search_term_string}"},"query-input":{"@type":"PropertyValueSpecification","valueRequired":true,"valueName":"search_term_string"}}],"inLanguage":"fr-FR"},{"@type":"Organization","@id":"https:\/\/pyromeral.com\/fr\/#organization","name":"Pyromeral","url":"https:\/\/pyromeral.com\/fr\/","logo":{"@type":"ImageObject","inLanguage":"fr-FR","@id":"https:\/\/pyromeral.com\/fr\/#\/schema\/logo\/image\/","url":"https:\/\/pyromeral.com\/wp-content\/uploads\/2021\/06\/logo.png","contentUrl":"https:\/\/pyromeral.com\/wp-content\/uploads\/2021\/06\/logo.png","width":420,"height":150,"caption":"Pyromeral"},"image":{"@id":"https:\/\/pyromeral.com\/fr\/#\/schema\/logo\/image\/"}}]}},"_links":{"self":[{"href":"https:\/\/pyromeral.com\/fr\/wp-json\/wp\/v2\/pages\/5090","targetHints":{"allow":["GET"]}}],"collection":[{"href":"https:\/\/pyromeral.com\/fr\/wp-json\/wp\/v2\/pages"}],"about":[{"href":"https:\/\/pyromeral.com\/fr\/wp-json\/wp\/v2\/types\/page"}],"author":[{"embeddable":true,"href":"https:\/\/pyromeral.com\/fr\/wp-json\/wp\/v2\/users\/4"}],"replies":[{"embeddable":true,"href":"https:\/\/pyromeral.com\/fr\/wp-json\/wp\/v2\/comments?post=5090"}],"version-history":[{"count":33,"href":"https:\/\/pyromeral.com\/fr\/wp-json\/wp\/v2\/pages\/5090\/revisions"}],"predecessor-version":[{"id":6219,"href":"https:\/\/pyromeral.com\/fr\/wp-json\/wp\/v2\/pages\/5090\/revisions\/6219"}],"wp:attachment":[{"href":"https:\/\/pyromeral.com\/fr\/wp-json\/wp\/v2\/media?parent=5090"}],"curies":[{"name":"wp","href":"https:\/\/api.w.org\/{rel}","templated":true}]}}