{"id":5100,"date":"2021-06-29T16:32:30","date_gmt":"2021-06-29T14:32:30","guid":{"rendered":"https:\/\/pyromeral.com\/?page_id=5100"},"modified":"2021-11-23T14:29:38","modified_gmt":"2021-11-23T13:29:38","slug":"manipulation-verre-chaud-tactylit","status":"publish","type":"page","link":"https:\/\/pyromeral.com\/fr\/manipulation-verre-chaud-tactylit\/","title":{"rendered":"Manipulation verre chaud (TACTYLIT)"},"content":{"rendered":"\t\t<div data-elementor-type=\"wp-page\" data-elementor-id=\"5100\" class=\"elementor elementor-5100\">\n\t\t\t\t\t\t<section class=\"elementor-section elementor-top-section elementor-element elementor-element-944add7 elementor-section-boxed elementor-section-height-default elementor-section-height-default\" data-id=\"944add7\" data-element_type=\"section\">\n\t\t\t\t\t\t<div class=\"elementor-container elementor-column-gap-default\">\n\t\t\t\t\t<div class=\"elementor-column elementor-col-50 elementor-top-column elementor-element elementor-element-76c96f3\" data-id=\"76c96f3\" data-element_type=\"column\">\n\t\t\t<div class=\"elementor-widget-wrap elementor-element-populated\">\n\t\t\t\t\t\t<div class=\"elementor-element elementor-element-404e789 elementor-widget elementor-widget-spacer\" data-id=\"404e789\" data-element_type=\"widget\" data-widget_type=\"spacer.default\">\n\t\t\t\t<div class=\"elementor-widget-container\">\n\t\t\t\t\t<div class=\"elementor-spacer\">\n\t\t\t<div class=\"elementor-spacer-inner\"><\/div>\n\t\t<\/div>\n\t\t\t\t<\/div>\n\t\t\t\t<\/div>\n\t\t\t\t<div class=\"elementor-element elementor-element-8966ea4 aleft elementor-widget elementor-widget-wgl-double-headings\" data-id=\"8966ea4\" data-element_type=\"widget\" data-widget_type=\"wgl-double-headings.default\">\n\t\t\t\t<div class=\"elementor-widget-container\">\n\t\t\t<div class=\"wgl-double_heading\"><div class=\"dbl__subtitle\">Pyromeral<\/div><h3 class=\"dbl__title-wrapper\"><span class=\"dbl__title dbl__title_1\">Mat\u00e9riaux pour la Manipulation <\/span><span class=\"dbl__title dbl__title_2\">du Verre Chaud<\/span><\/h3><\/div>\t\t<\/div>\n\t\t\t\t<\/div>\n\t\t\t\t<div class=\"elementor-element elementor-element-83a2ff7 elementor-widget elementor-widget-text-editor\" data-id=\"83a2ff7\" data-element_type=\"widget\" data-widget_type=\"text-editor.default\">\n\t\t\t\t<div class=\"elementor-widget-container\">\n\t\t\t\t\t\t\t<p><span>En combinant certaines\u00a0<\/span><em class=\"normal\">fibres s\u00e9lectionn\u00e9es r\u00e9sistant \u00e0 la chaleur et des r\u00e9sines<\/em><span>\u00a0qui ont prouv\u00e9 leurs aptitudes \u00e0 \u00e9viter les rayures, marques et r\u00e9sidus sur le verre,<strong> Pyromeral Systems<\/strong> a d\u00e9velopp\u00e9 le <strong>Tactylit<\/strong><\/span><strong><sup>\u00ae<\/sup><\/strong><span>, une gamme de mat\u00e9riaux de haute performance pour la manipulation du verre chaud dans des applications telles que la vaisselle, des r\u00e9cipients en verre, cosm\u00e9tiques et bouteilles de parfum et le verre m\u00e9dical.<\/span><\/p><p>Avec une structure composite qui offre une bonne r\u00e9sistance m\u00e9canique et une r\u00e9sistance \u00e0<span>\u00a0<\/span><em class=\"normal\">l&#8217;abrasion<\/em>, et avec une formulation qui fournit une excellente stabilit\u00e9 \u00e0 haute temp\u00e9rature, Tactylit est un mat\u00e9riau unique qui r\u00e9sout les insuffisances des mat\u00e9riaux traditionnels pour la manipulation du verre chaud. Avec sa<span>\u00a0<\/span><em class=\"normal\">faible conductivit\u00e9 thermique<\/em>, Tactylit emp\u00eache les marques sur le verre. Il se caract\u00e9rise \u00e9galement par sa durabilit\u00e9, car il ne br\u00fble pas, ni ne s&#8217;oxyde ou fond lorsqu&#8217;il est expos\u00e9 \u00e0 des temp\u00e9ratures \u00e9lev\u00e9es.<\/p>\t\t\t\t\t\t<\/div>\n\t\t\t\t<\/div>\n\t\t\t\t\t<\/div>\n\t\t<\/div>\n\t\t\t\t<div class=\"elementor-column elementor-col-50 elementor-top-column elementor-element elementor-element-7e22bb3\" data-id=\"7e22bb3\" data-element_type=\"column\" data-settings=\"{&quot;background_background&quot;:&quot;classic&quot;}\">\n\t\t\t<div class=\"elementor-widget-wrap elementor-element-populated\">\n\t\t\t\t\t\t<div class=\"elementor-element elementor-element-b9a21f0 elementor-widget elementor-widget-spacer\" data-id=\"b9a21f0\" data-element_type=\"widget\" data-widget_type=\"spacer.default\">\n\t\t\t\t<div class=\"elementor-widget-container\">\n\t\t\t\t\t<div class=\"elementor-spacer\">\n\t\t\t<div class=\"elementor-spacer-inner\"><\/div>\n\t\t<\/div>\n\t\t\t\t<\/div>\n\t\t\t\t<\/div>\n\t\t\t\t<div class=\"elementor-element elementor-element-23e76b8 elementor-widget elementor-widget-spacer\" data-id=\"23e76b8\" data-element_type=\"widget\" data-widget_type=\"spacer.default\">\n\t\t\t\t<div class=\"elementor-widget-container\">\n\t\t\t\t\t<div class=\"elementor-spacer\">\n\t\t\t<div class=\"elementor-spacer-inner\"><\/div>\n\t\t<\/div>\n\t\t\t\t<\/div>\n\t\t\t\t<\/div>\n\t\t\t\t<div class=\"elementor-element elementor-element-a2b8788 elementor-absolute elementor-widget elementor-widget-heading\" data-id=\"a2b8788\" data-element_type=\"widget\" data-settings=\"{&quot;_position&quot;:&quot;absolute&quot;}\" data-widget_type=\"heading.default\">\n\t\t\t\t<div class=\"elementor-widget-container\">\n\t\t\t<h6 class=\"elementor-heading-title elementor-size-default\">Plaque Tactylit<\/h6>\t\t<\/div>\n\t\t\t\t<\/div>\n\t\t\t\t\t<\/div>\n\t\t<\/div>\n\t\t\t\t\t<\/div>\n\t\t<\/section>\n\t\t\t\t<section class=\"elementor-section elementor-top-section elementor-element elementor-element-0f010df elementor-section-boxed elementor-section-height-default elementor-section-height-default\" data-id=\"0f010df\" data-element_type=\"section\">\n\t\t\t\t\t\t<div class=\"elementor-container elementor-column-gap-default\">\n\t\t\t\t\t<div class=\"elementor-column elementor-col-100 elementor-top-column elementor-element elementor-element-f7006d3\" data-id=\"f7006d3\" data-element_type=\"column\">\n\t\t\t<div class=\"elementor-widget-wrap elementor-element-populated\">\n\t\t\t\t\t\t<div class=\"elementor-element elementor-element-c21b24d elementor-widget elementor-widget-text-editor\" data-id=\"c21b24d\" data-element_type=\"widget\" data-widget_type=\"text-editor.default\">\n\t\t\t\t<div class=\"elementor-widget-container\">\n\t\t\t\t\t\t\t<p>Tactylit est id\u00e9al pour les plaques de d\u00e9moulage, inserts \u00e0 balayage, roues des palettes de transfert, patins de chargeurs et inserts personnalis\u00e9s. Les mat\u00e9riaux Tactylit utilisent une<span>\u00a0<\/span><strong class=\"normal\">technologie composite c\u00e9ramique<\/strong>, sans agent canc\u00e9rig\u00e8ne ou substances toxiques.<\/p>\t\t\t\t\t\t<\/div>\n\t\t\t\t<\/div>\n\t\t\t\t<div class=\"elementor-element elementor-element-c984e0c elementor-widget elementor-widget-text-editor\" data-id=\"c984e0c\" data-element_type=\"widget\" data-widget_type=\"text-editor.default\">\n\t\t\t\t<div class=\"elementor-widget-container\">\n\t\t\t\t\t\t\t<p><span>Deux cat\u00e9gories de Tactylit sont maintenant disponibles: <strong>FI300<\/strong> et <strong>FI140HR<\/strong>.<\/span><\/p>\t\t\t\t\t\t<\/div>\n\t\t\t\t<\/div>\n\t\t\t\t<div class=\"elementor-element elementor-element-368a699 elementor-widget elementor-widget-spacer\" data-id=\"368a699\" data-element_type=\"widget\" data-widget_type=\"spacer.default\">\n\t\t\t\t<div class=\"elementor-widget-container\">\n\t\t\t\t\t<div class=\"elementor-spacer\">\n\t\t\t<div class=\"elementor-spacer-inner\"><\/div>\n\t\t<\/div>\n\t\t\t\t<\/div>\n\t\t\t\t<\/div>\n\t\t\t\t\t<\/div>\n\t\t<\/div>\n\t\t\t\t\t<\/div>\n\t\t<\/section>\n\t\t\t\t<section class=\"elementor-section elementor-top-section elementor-element elementor-element-55f8fdd elementor-section-full_width elementor-section-height-default elementor-section-height-default elementor-invisible\" data-id=\"55f8fdd\" data-element_type=\"section\" data-settings=\"{&quot;background_background&quot;:&quot;classic&quot;,&quot;animation&quot;:&quot;fadeInLeft&quot;}\">\n\t\t\t\t\t\t\t<div class=\"elementor-background-overlay\"><\/div>\n\t\t\t\t\t\t\t<div class=\"elementor-container elementor-column-gap-default\">\n\t\t\t\t\t<div class=\"elementor-column elementor-col-100 elementor-top-column elementor-element elementor-element-ca262e3\" data-id=\"ca262e3\" data-element_type=\"column\">\n\t\t\t<div class=\"elementor-widget-wrap elementor-element-populated\">\n\t\t\t\t\t\t<div class=\"elementor-element elementor-element-cc25a8a elementor-widget elementor-widget-spacer\" data-id=\"cc25a8a\" data-element_type=\"widget\" data-widget_type=\"spacer.default\">\n\t\t\t\t<div class=\"elementor-widget-container\">\n\t\t\t\t\t<div class=\"elementor-spacer\">\n\t\t\t<div class=\"elementor-spacer-inner\"><\/div>\n\t\t<\/div>\n\t\t\t\t<\/div>\n\t\t\t\t<\/div>\n\t\t\t\t<section class=\"elementor-section elementor-inner-section elementor-element elementor-element-0653860 elementor-section-boxed elementor-section-height-default elementor-section-height-default\" data-id=\"0653860\" data-element_type=\"section\">\n\t\t\t\t\t\t<div class=\"elementor-container elementor-column-gap-default\">\n\t\t\t\t\t<div class=\"elementor-column elementor-col-33 elementor-inner-column elementor-element elementor-element-41252b1\" data-id=\"41252b1\" data-element_type=\"column\">\n\t\t\t<div class=\"elementor-widget-wrap elementor-element-populated\">\n\t\t\t\t\t\t<div class=\"elementor-element elementor-element-98d967b elementor-widget__width-initial aleft elementor-widget elementor-widget-wgl-double-headings\" data-id=\"98d967b\" data-element_type=\"widget\" data-widget_type=\"wgl-double-headings.default\">\n\t\t\t\t<div class=\"elementor-widget-container\">\n\t\t\t<div class=\"wgl-double_heading\"><h3 class=\"dbl__title-wrapper\"><span class=\"dbl__title dbl__title_1\">Contactez-nous<\/span><\/h3><\/div>\t\t<\/div>\n\t\t\t\t<\/div>\n\t\t\t\t<div class=\"elementor-element elementor-element-6583597 elementor-widget elementor-widget-text-editor\" data-id=\"6583597\" data-element_type=\"widget\" data-widget_type=\"text-editor.default\">\n\t\t\t\t<div class=\"elementor-widget-container\">\n\t\t\t\t\t\t\t<p><span>Gr\u00e2ce \u00e0 notre expertise dans la fabrication de pi\u00e8ces en mat\u00e9riaux composites \u00e0 haute temp\u00e9rature, nous sommes bien positionn\u00e9s pour aider nos clients \u00e0 satisfaire rapidement et efficacement leurs projets.<\/span><\/p>\t\t\t\t\t\t<\/div>\n\t\t\t\t<\/div>\n\t\t\t\t\t<\/div>\n\t\t<\/div>\n\t\t\t\t<div class=\"elementor-column elementor-col-66 elementor-inner-column elementor-element elementor-element-2aa7e7a\" data-id=\"2aa7e7a\" data-element_type=\"column\">\n\t\t\t<div class=\"elementor-widget-wrap elementor-element-populated\">\n\t\t\t\t\t\t<div class=\"elementor-element elementor-element-04aaa89 elementor-widget elementor-widget-spacer\" data-id=\"04aaa89\" data-element_type=\"widget\" data-widget_type=\"spacer.default\">\n\t\t\t\t<div class=\"elementor-widget-container\">\n\t\t\t\t\t<div class=\"elementor-spacer\">\n\t\t\t<div class=\"elementor-spacer-inner\"><\/div>\n\t\t<\/div>\n\t\t\t\t<\/div>\n\t\t\t\t<\/div>\n\t\t\t\t<div class=\"elementor-element elementor-element-568c54f acenter elementor-widget elementor-widget-wgl-button\" data-id=\"568c54f\" data-element_type=\"widget\" data-widget_type=\"wgl-button.default\">\n\t\t\t\t<div class=\"elementor-widget-container\">\n\t\t\t<div class=\"button-wrapper\"><a  class=\"wgl-button btn-size-md \" role=\"button\" href=\"https:\/\/pyromeral.com\/fr\/contact\/\"><div class=\"button-content-wrapper \"><span class=\"wgl-button-text\">nous contacter<\/span><\/div><\/a><\/div>\t\t<\/div>\n\t\t\t\t<\/div>\n\t\t\t\t\t<\/div>\n\t\t<\/div>\n\t\t\t\t\t<\/div>\n\t\t<\/section>\n\t\t\t\t<div class=\"elementor-element elementor-element-3ce97ad elementor-widget elementor-widget-spacer\" data-id=\"3ce97ad\" data-element_type=\"widget\" data-widget_type=\"spacer.default\">\n\t\t\t\t<div class=\"elementor-widget-container\">\n\t\t\t\t\t<div class=\"elementor-spacer\">\n\t\t\t<div class=\"elementor-spacer-inner\"><\/div>\n\t\t<\/div>\n\t\t\t\t<\/div>\n\t\t\t\t<\/div>\n\t\t\t\t\t<\/div>\n\t\t<\/div>\n\t\t\t\t\t<\/div>\n\t\t<\/section>\n\t\t\t\t<\/div>\n\t\t","protected":false},"excerpt":{"rendered":"<p>Pyromeral Mat\u00e9riaux pour la Manipulation du Verre Chaud En combinant certaines\u00a0fibres s\u00e9lectionn\u00e9es r\u00e9sistant \u00e0 la chaleur et des r\u00e9sines\u00a0qui ont prouv\u00e9 leurs aptitudes \u00e0 \u00e9viter les rayures, marques et r\u00e9sidus sur le verre, Pyromeral Systems a d\u00e9velopp\u00e9 le Tactylit\u00ae, une gamme de mat\u00e9riaux de haute performance pour la manipulation du verre chaud dans des applications [&hellip;]<\/p>\n","protected":false},"author":4,"featured_media":0,"parent":0,"menu_order":0,"comment_status":"closed","ping_status":"closed","template":"","meta":{"footnotes":""},"class_list":["post-5100","page","type-page","status-publish","hentry"],"yoast_head":"<!-- This site is optimized with the Yoast SEO plugin v27.4 - https:\/\/yoast.com\/product\/yoast-seo-wordpress\/ -->\n<title>Manipulation verre chaud (TACTYLIT) - Pyromeral<\/title>\n<meta name=\"robots\" content=\"index, follow, max-snippet:-1, max-image-preview:large, max-video-preview:-1\" \/>\n<link rel=\"canonical\" href=\"https:\/\/pyromeral.com\/fr\/manipulation-verre-chaud-tactylit\/\" \/>\n<meta property=\"og:locale\" content=\"fr_FR\" \/>\n<meta property=\"og:type\" content=\"article\" \/>\n<meta property=\"og:title\" content=\"Manipulation verre chaud (TACTYLIT) - Pyromeral\" \/>\n<meta property=\"og:description\" content=\"Pyromeral Mat\u00e9riaux pour la Manipulation du Verre Chaud En combinant certaines\u00a0fibres s\u00e9lectionn\u00e9es r\u00e9sistant \u00e0 la chaleur et des r\u00e9sines\u00a0qui ont prouv\u00e9 leurs aptitudes \u00e0 \u00e9viter les rayures, marques et r\u00e9sidus sur le verre, Pyromeral Systems a d\u00e9velopp\u00e9 le Tactylit\u00ae, une gamme de mat\u00e9riaux de haute performance pour la manipulation du verre chaud dans des applications [&hellip;]\" \/>\n<meta property=\"og:url\" content=\"https:\/\/pyromeral.com\/fr\/manipulation-verre-chaud-tactylit\/\" \/>\n<meta property=\"og:site_name\" content=\"Pyromeral\" \/>\n<meta property=\"article:modified_time\" content=\"2021-11-23T13:29:38+00:00\" \/>\n<meta name=\"twitter:card\" content=\"summary_large_image\" \/>\n<meta name=\"twitter:label1\" content=\"Dur\u00e9e de lecture estim\u00e9e\" \/>\n\t<meta name=\"twitter:data1\" content=\"2 minutes\" \/>\n<script type=\"application\/ld+json\" class=\"yoast-schema-graph\">{\"@context\":\"https:\\\/\\\/schema.org\",\"@graph\":[{\"@type\":\"WebPage\",\"@id\":\"https:\\\/\\\/pyromeral.com\\\/fr\\\/manipulation-verre-chaud-tactylit\\\/\",\"url\":\"https:\\\/\\\/pyromeral.com\\\/fr\\\/manipulation-verre-chaud-tactylit\\\/\",\"name\":\"Manipulation verre chaud (TACTYLIT) - Pyromeral\",\"isPartOf\":{\"@id\":\"https:\\\/\\\/pyromeral.com\\\/fr\\\/#website\"},\"datePublished\":\"2021-06-29T14:32:30+00:00\",\"dateModified\":\"2021-11-23T13:29:38+00:00\",\"breadcrumb\":{\"@id\":\"https:\\\/\\\/pyromeral.com\\\/fr\\\/manipulation-verre-chaud-tactylit\\\/#breadcrumb\"},\"inLanguage\":\"fr-FR\",\"potentialAction\":[{\"@type\":\"ReadAction\",\"target\":[\"https:\\\/\\\/pyromeral.com\\\/fr\\\/manipulation-verre-chaud-tactylit\\\/\"]}]},{\"@type\":\"BreadcrumbList\",\"@id\":\"https:\\\/\\\/pyromeral.com\\\/fr\\\/manipulation-verre-chaud-tactylit\\\/#breadcrumb\",\"itemListElement\":[{\"@type\":\"ListItem\",\"position\":1,\"name\":\"Accueil\",\"item\":\"https:\\\/\\\/pyromeral.com\\\/fr\\\/\"},{\"@type\":\"ListItem\",\"position\":2,\"name\":\"Manipulation verre chaud (TACTYLIT)\"}]},{\"@type\":\"WebSite\",\"@id\":\"https:\\\/\\\/pyromeral.com\\\/fr\\\/#website\",\"url\":\"https:\\\/\\\/pyromeral.com\\\/fr\\\/\",\"name\":\"Pyromeral\",\"description\":\"\",\"publisher\":{\"@id\":\"https:\\\/\\\/pyromeral.com\\\/fr\\\/#organization\"},\"potentialAction\":[{\"@type\":\"SearchAction\",\"target\":{\"@type\":\"EntryPoint\",\"urlTemplate\":\"https:\\\/\\\/pyromeral.com\\\/fr\\\/?s={search_term_string}\"},\"query-input\":{\"@type\":\"PropertyValueSpecification\",\"valueRequired\":true,\"valueName\":\"search_term_string\"}}],\"inLanguage\":\"fr-FR\"},{\"@type\":\"Organization\",\"@id\":\"https:\\\/\\\/pyromeral.com\\\/fr\\\/#organization\",\"name\":\"Pyromeral\",\"url\":\"https:\\\/\\\/pyromeral.com\\\/fr\\\/\",\"logo\":{\"@type\":\"ImageObject\",\"inLanguage\":\"fr-FR\",\"@id\":\"https:\\\/\\\/pyromeral.com\\\/fr\\\/#\\\/schema\\\/logo\\\/image\\\/\",\"url\":\"https:\\\/\\\/pyromeral.com\\\/wp-content\\\/uploads\\\/2021\\\/06\\\/logo.png\",\"contentUrl\":\"https:\\\/\\\/pyromeral.com\\\/wp-content\\\/uploads\\\/2021\\\/06\\\/logo.png\",\"width\":420,\"height\":150,\"caption\":\"Pyromeral\"},\"image\":{\"@id\":\"https:\\\/\\\/pyromeral.com\\\/fr\\\/#\\\/schema\\\/logo\\\/image\\\/\"}}]}<\/script>\n<!-- \/ Yoast SEO plugin. -->","yoast_head_json":{"title":"Manipulation verre chaud (TACTYLIT) - Pyromeral","robots":{"index":"index","follow":"follow","max-snippet":"max-snippet:-1","max-image-preview":"max-image-preview:large","max-video-preview":"max-video-preview:-1"},"canonical":"https:\/\/pyromeral.com\/fr\/manipulation-verre-chaud-tactylit\/","og_locale":"fr_FR","og_type":"article","og_title":"Manipulation verre chaud (TACTYLIT) - Pyromeral","og_description":"Pyromeral Mat\u00e9riaux pour la Manipulation du Verre Chaud En combinant certaines\u00a0fibres s\u00e9lectionn\u00e9es r\u00e9sistant \u00e0 la chaleur et des r\u00e9sines\u00a0qui ont prouv\u00e9 leurs aptitudes \u00e0 \u00e9viter les rayures, marques et r\u00e9sidus sur le verre, Pyromeral Systems a d\u00e9velopp\u00e9 le Tactylit\u00ae, une gamme de mat\u00e9riaux de haute performance pour la manipulation du verre chaud dans des applications [&hellip;]","og_url":"https:\/\/pyromeral.com\/fr\/manipulation-verre-chaud-tactylit\/","og_site_name":"Pyromeral","article_modified_time":"2021-11-23T13:29:38+00:00","twitter_card":"summary_large_image","twitter_misc":{"Dur\u00e9e de lecture estim\u00e9e":"2 minutes"},"schema":{"@context":"https:\/\/schema.org","@graph":[{"@type":"WebPage","@id":"https:\/\/pyromeral.com\/fr\/manipulation-verre-chaud-tactylit\/","url":"https:\/\/pyromeral.com\/fr\/manipulation-verre-chaud-tactylit\/","name":"Manipulation verre chaud (TACTYLIT) - Pyromeral","isPartOf":{"@id":"https:\/\/pyromeral.com\/fr\/#website"},"datePublished":"2021-06-29T14:32:30+00:00","dateModified":"2021-11-23T13:29:38+00:00","breadcrumb":{"@id":"https:\/\/pyromeral.com\/fr\/manipulation-verre-chaud-tactylit\/#breadcrumb"},"inLanguage":"fr-FR","potentialAction":[{"@type":"ReadAction","target":["https:\/\/pyromeral.com\/fr\/manipulation-verre-chaud-tactylit\/"]}]},{"@type":"BreadcrumbList","@id":"https:\/\/pyromeral.com\/fr\/manipulation-verre-chaud-tactylit\/#breadcrumb","itemListElement":[{"@type":"ListItem","position":1,"name":"Accueil","item":"https:\/\/pyromeral.com\/fr\/"},{"@type":"ListItem","position":2,"name":"Manipulation verre chaud (TACTYLIT)"}]},{"@type":"WebSite","@id":"https:\/\/pyromeral.com\/fr\/#website","url":"https:\/\/pyromeral.com\/fr\/","name":"Pyromeral","description":"","publisher":{"@id":"https:\/\/pyromeral.com\/fr\/#organization"},"potentialAction":[{"@type":"SearchAction","target":{"@type":"EntryPoint","urlTemplate":"https:\/\/pyromeral.com\/fr\/?s={search_term_string}"},"query-input":{"@type":"PropertyValueSpecification","valueRequired":true,"valueName":"search_term_string"}}],"inLanguage":"fr-FR"},{"@type":"Organization","@id":"https:\/\/pyromeral.com\/fr\/#organization","name":"Pyromeral","url":"https:\/\/pyromeral.com\/fr\/","logo":{"@type":"ImageObject","inLanguage":"fr-FR","@id":"https:\/\/pyromeral.com\/fr\/#\/schema\/logo\/image\/","url":"https:\/\/pyromeral.com\/wp-content\/uploads\/2021\/06\/logo.png","contentUrl":"https:\/\/pyromeral.com\/wp-content\/uploads\/2021\/06\/logo.png","width":420,"height":150,"caption":"Pyromeral"},"image":{"@id":"https:\/\/pyromeral.com\/fr\/#\/schema\/logo\/image\/"}}]}},"_links":{"self":[{"href":"https:\/\/pyromeral.com\/fr\/wp-json\/wp\/v2\/pages\/5100","targetHints":{"allow":["GET"]}}],"collection":[{"href":"https:\/\/pyromeral.com\/fr\/wp-json\/wp\/v2\/pages"}],"about":[{"href":"https:\/\/pyromeral.com\/fr\/wp-json\/wp\/v2\/types\/page"}],"author":[{"embeddable":true,"href":"https:\/\/pyromeral.com\/fr\/wp-json\/wp\/v2\/users\/4"}],"replies":[{"embeddable":true,"href":"https:\/\/pyromeral.com\/fr\/wp-json\/wp\/v2\/comments?post=5100"}],"version-history":[{"count":12,"href":"https:\/\/pyromeral.com\/fr\/wp-json\/wp\/v2\/pages\/5100\/revisions"}],"predecessor-version":[{"id":5906,"href":"https:\/\/pyromeral.com\/fr\/wp-json\/wp\/v2\/pages\/5100\/revisions\/5906"}],"wp:attachment":[{"href":"https:\/\/pyromeral.com\/fr\/wp-json\/wp\/v2\/media?parent=5100"}],"curies":[{"name":"wp","href":"https:\/\/api.w.org\/{rel}","templated":true}]}}