{"id":5384,"date":"2021-08-06T17:24:00","date_gmt":"2021-08-06T15:24:00","guid":{"rendered":"https:\/\/pyromeral.com\/?page_id=5384"},"modified":"2024-04-08T13:47:58","modified_gmt":"2024-04-08T11:47:58","slug":"nouvelles-mobilites-e-vtol","status":"publish","type":"page","link":"https:\/\/pyromeral.com\/fr\/nouvelles-mobilites-e-vtol\/","title":{"rendered":"Nouvelles mobilit\u00e9s (e-VTOL)"},"content":{"rendered":"\t\t<div data-elementor-type=\"wp-page\" data-elementor-id=\"5384\" class=\"elementor elementor-5384\">\n\t\t\t\t\t\t<section class=\"elementor-section elementor-top-section elementor-element elementor-element-7e738eb elementor-section-boxed elementor-section-height-default elementor-section-height-default\" data-id=\"7e738eb\" data-element_type=\"section\">\n\t\t\t\t\t\t<div class=\"elementor-container elementor-column-gap-default\">\n\t\t\t\t\t<div class=\"elementor-column elementor-col-50 elementor-top-column elementor-element elementor-element-9d12a05\" data-id=\"9d12a05\" data-element_type=\"column\">\n\t\t\t<div class=\"elementor-widget-wrap elementor-element-populated\">\n\t\t\t\t\t\t<div class=\"elementor-element elementor-element-f2bbf02 elementor-widget elementor-widget-spacer\" data-id=\"f2bbf02\" data-element_type=\"widget\" data-widget_type=\"spacer.default\">\n\t\t\t\t<div class=\"elementor-widget-container\">\n\t\t\t\t\t<div class=\"elementor-spacer\">\n\t\t\t<div class=\"elementor-spacer-inner\"><\/div>\n\t\t<\/div>\n\t\t\t\t<\/div>\n\t\t\t\t<\/div>\n\t\t\t\t<div class=\"elementor-element elementor-element-4b55f24 aleft elementor-widget elementor-widget-wgl-double-headings\" data-id=\"4b55f24\" data-element_type=\"widget\" data-widget_type=\"wgl-double-headings.default\">\n\t\t\t\t<div class=\"elementor-widget-container\">\n\t\t\t<div class=\"wgl-double_heading\"><div class=\"dbl__subtitle\">Pyromeral<\/div><h3 class=\"dbl__title-wrapper\"><span class=\"dbl__title dbl__title_1\">Des mat\u00e9riaux<\/span><span class=\"dbl__title dbl__title_2\"> r\u00e9sistant au feu<\/span><\/h3><\/div>\t\t<\/div>\n\t\t\t\t<\/div>\n\t\t\t\t<div class=\"elementor-element elementor-element-6a0eb9a elementor-widget elementor-widget-text-editor\" data-id=\"6a0eb9a\" data-element_type=\"widget\" data-widget_type=\"text-editor.default\">\n\t\t\t\t<div class=\"elementor-widget-container\">\n\t\t\t\t\t\t\t<p><strong>Les mat\u00e9riaux composites min\u00e9raux de Pyromeral r\u00e9sistent au feu.<\/strong><\/p><p><span>Ils ont \u00e9t\u00e9 test\u00e9s avec succ\u00e8s et valid\u00e9s pour des applications de car\u00e9nage de batterie, dans le cadre de projets de taxis volants et d&#8217;avions \u00e9lectrique.<\/span><\/p><p>Nos solutions (<strong>PyroKarb, PyroSic<\/strong>) permettent de gagner drastiquement de la masse au niveau des protections anti-feu de ces v\u00e9hicules et donc de contribuer \u00e0 leurs performances, soit en terme de distance parcourue, soit en terme de charge utile.<\/p><p>Nos mat\u00e9riaux passent le test feu k\u00e9ros\u00e8ne r\u00e9f\u00e9renc\u00e9 FAA AC 20 135 ou ISO 2685, d&#8217;une dur\u00e9e de 15 minutes avec une \u00e9paisseur de 0,6 mm. Sans aucun d\u00e9gagement de fum\u00e9e, sans perforation (M0 V0)<\/p>\t\t\t\t\t\t<\/div>\n\t\t\t\t<\/div>\n\t\t\t\t<div class=\"elementor-element elementor-element-64359ba elementor-widget elementor-widget-spacer\" data-id=\"64359ba\" data-element_type=\"widget\" data-widget_type=\"spacer.default\">\n\t\t\t\t<div class=\"elementor-widget-container\">\n\t\t\t\t\t<div class=\"elementor-spacer\">\n\t\t\t<div class=\"elementor-spacer-inner\"><\/div>\n\t\t<\/div>\n\t\t\t\t<\/div>\n\t\t\t\t<\/div>\n\t\t\t\t\t<\/div>\n\t\t<\/div>\n\t\t\t\t<div class=\"elementor-column elementor-col-50 elementor-top-column elementor-element elementor-element-bab1033\" data-id=\"bab1033\" data-element_type=\"column\" data-settings=\"{&quot;background_background&quot;:&quot;classic&quot;}\">\n\t\t\t<div class=\"elementor-widget-wrap\">\n\t\t\t\t\t\t\t<\/div>\n\t\t<\/div>\n\t\t\t\t\t<\/div>\n\t\t<\/section>\n\t\t\t\t<section class=\"elementor-section elementor-top-section elementor-element elementor-element-7a15fe2 elementor-section-boxed elementor-section-height-default elementor-section-height-default\" data-id=\"7a15fe2\" data-element_type=\"section\">\n\t\t\t\t\t\t<div class=\"elementor-container elementor-column-gap-default\">\n\t\t\t\t\t<div class=\"elementor-column elementor-col-100 elementor-top-column elementor-element elementor-element-009c5b5\" data-id=\"009c5b5\" data-element_type=\"column\">\n\t\t\t<div class=\"elementor-widget-wrap elementor-element-populated\">\n\t\t\t\t\t\t<div class=\"elementor-element elementor-element-bbd9a2b elementor-widget elementor-widget-video\" data-id=\"bbd9a2b\" data-element_type=\"widget\" data-settings=\"{&quot;youtube_url&quot;:&quot;https:\\\/\\\/www.youtube.com\\\/watch?v=m6oLrIgsdGU&quot;,&quot;video_type&quot;:&quot;youtube&quot;,&quot;controls&quot;:&quot;yes&quot;}\" data-widget_type=\"video.default\">\n\t\t\t\t<div class=\"elementor-widget-container\">\n\t\t\t\t\t<div class=\"elementor-wrapper elementor-open-inline\">\n\t\t\t<div class=\"elementor-video\"><\/div>\t\t<\/div>\n\t\t\t\t<\/div>\n\t\t\t\t<\/div>\n\t\t\t\t\t<\/div>\n\t\t<\/div>\n\t\t\t\t\t<\/div>\n\t\t<\/section>\n\t\t\t\t<section class=\"elementor-section elementor-top-section elementor-element elementor-element-c1b2ff4 elementor-section-boxed elementor-section-height-default elementor-section-height-default\" data-id=\"c1b2ff4\" data-element_type=\"section\">\n\t\t\t\t\t\t<div class=\"elementor-container elementor-column-gap-default\">\n\t\t\t\t\t<div class=\"elementor-column elementor-col-50 elementor-top-column elementor-element elementor-element-d05bedf\" data-id=\"d05bedf\" data-element_type=\"column\">\n\t\t\t<div class=\"elementor-widget-wrap elementor-element-populated\">\n\t\t\t\t\t\t<div class=\"elementor-element elementor-element-cfb0df7 elementor-widget elementor-widget-image\" data-id=\"cfb0df7\" data-element_type=\"widget\" data-widget_type=\"image.default\">\n\t\t\t\t<div class=\"elementor-widget-container\">\n\t\t\t\t\t\t\t\t\t\t\t\t\t<img fetchpriority=\"high\" decoding=\"async\" width=\"768\" height=\"382\" src=\"https:\/\/pyromeral.com\/wp-content\/uploads\/2021\/08\/Sans-titre-768x382.png\" class=\"attachment-medium_large size-medium_large wp-image-5591\" alt=\"\" srcset=\"https:\/\/pyromeral.com\/wp-content\/uploads\/2021\/08\/Sans-titre-768x382.png 768w, https:\/\/pyromeral.com\/wp-content\/uploads\/2021\/08\/Sans-titre-300x149.png 300w, https:\/\/pyromeral.com\/wp-content\/uploads\/2021\/08\/Sans-titre.png 1010w\" sizes=\"(max-width: 768px) 100vw, 768px\" \/>\t\t\t\t\t\t\t\t\t\t\t\t\t<\/div>\n\t\t\t\t<\/div>\n\t\t\t\t<div class=\"elementor-element elementor-element-7db32a7 elementor-absolute elementor-widget elementor-widget-heading\" data-id=\"7db32a7\" data-element_type=\"widget\" data-settings=\"{&quot;_position&quot;:&quot;absolute&quot;}\" data-widget_type=\"heading.default\">\n\t\t\t\t<div class=\"elementor-widget-container\">\n\t\t\t<h6 class=\"elementor-heading-title elementor-size-default\">Test de flamme au K\u00e9ros\u00e8ne 15\u2019\u2019 \u2013 1100\u00b0C\n<\/h6>\t\t<\/div>\n\t\t\t\t<\/div>\n\t\t\t\t\t<\/div>\n\t\t<\/div>\n\t\t\t\t<div class=\"elementor-column elementor-col-50 elementor-top-column elementor-element elementor-element-a60a136\" data-id=\"a60a136\" data-element_type=\"column\">\n\t\t\t<div class=\"elementor-widget-wrap elementor-element-populated\">\n\t\t\t\t\t\t<div class=\"elementor-element elementor-element-9a3904f elementor-widget elementor-widget-heading\" data-id=\"9a3904f\" data-element_type=\"widget\" data-widget_type=\"heading.default\">\n\t\t\t\t<div class=\"elementor-widget-container\">\n\t\t\t<h6 class=\"elementor-heading-title elementor-size-default\">En moins de 1mm :<\/h6>\t\t<\/div>\n\t\t\t\t<\/div>\n\t\t\t\t<div class=\"elementor-element elementor-element-8a8fafd elementor-icon-list--layout-traditional elementor-list-item-link-full_width elementor-widget elementor-widget-icon-list\" data-id=\"8a8fafd\" data-element_type=\"widget\" data-widget_type=\"icon-list.default\">\n\t\t\t\t<div class=\"elementor-widget-container\">\n\t\t\t\t\t<ul class=\"elementor-icon-list-items\">\n\t\t\t\t\t\t\t<li class=\"elementor-icon-list-item\">\n\t\t\t\t\t\t\t\t\t\t\t<span class=\"elementor-icon-list-icon\">\n\t\t\t\t\t\t\t<i aria-hidden=\"true\" class=\"fas fa-check\"><\/i>\t\t\t\t\t\t<\/span>\n\t\t\t\t\t\t\t\t\t\t<span class=\"elementor-icon-list-text\">Pas de fum\u00e9e<\/span>\n\t\t\t\t\t\t\t\t\t<\/li>\n\t\t\t\t\t\t\t\t<li class=\"elementor-icon-list-item\">\n\t\t\t\t\t\t\t\t\t\t\t<span class=\"elementor-icon-list-icon\">\n\t\t\t\t\t\t\t<i aria-hidden=\"true\" class=\"fas fa-check\"><\/i>\t\t\t\t\t\t<\/span>\n\t\t\t\t\t\t\t\t\t\t<span class=\"elementor-icon-list-text\">Pas de perforation<\/span>\n\t\t\t\t\t\t\t\t\t<\/li>\n\t\t\t\t\t\t<\/ul>\n\t\t\t\t<\/div>\n\t\t\t\t<\/div>\n\t\t\t\t\t<\/div>\n\t\t<\/div>\n\t\t\t\t\t<\/div>\n\t\t<\/section>\n\t\t\t\t<\/div>\n\t\t","protected":false},"excerpt":{"rendered":"<p>Pyromeral Des mat\u00e9riaux r\u00e9sistant au feu Les mat\u00e9riaux composites min\u00e9raux de Pyromeral r\u00e9sistent au feu. Ils ont \u00e9t\u00e9 test\u00e9s avec succ\u00e8s et valid\u00e9s pour des applications de car\u00e9nage de batterie, dans le cadre de projets de taxis volants et d&#8217;avions \u00e9lectrique. Nos solutions (PyroKarb, PyroSic) permettent de gagner drastiquement de la masse au niveau des [&hellip;]<\/p>\n","protected":false},"author":4,"featured_media":0,"parent":0,"menu_order":0,"comment_status":"closed","ping_status":"closed","template":"","meta":{"footnotes":""},"class_list":["post-5384","page","type-page","status-publish","hentry"],"yoast_head":"<!-- This site is optimized with the Yoast SEO plugin v27.3 - https:\/\/yoast.com\/product\/yoast-seo-wordpress\/ -->\n<title>Nouvelles mobilit\u00e9s (e-VTOL) - Pyromeral<\/title>\n<meta name=\"robots\" content=\"index, follow, max-snippet:-1, max-image-preview:large, max-video-preview:-1\" \/>\n<link rel=\"canonical\" href=\"https:\/\/pyromeral.com\/fr\/nouvelles-mobilites-e-vtol\/\" \/>\n<meta property=\"og:locale\" content=\"fr_FR\" \/>\n<meta property=\"og:type\" content=\"article\" \/>\n<meta property=\"og:title\" content=\"Nouvelles mobilit\u00e9s (e-VTOL) - Pyromeral\" \/>\n<meta property=\"og:description\" content=\"Pyromeral Des mat\u00e9riaux r\u00e9sistant au feu Les mat\u00e9riaux composites min\u00e9raux de Pyromeral r\u00e9sistent au feu. Ils ont \u00e9t\u00e9 test\u00e9s avec succ\u00e8s et valid\u00e9s pour des applications de car\u00e9nage de batterie, dans le cadre de projets de taxis volants et d&#8217;avions \u00e9lectrique. Nos solutions (PyroKarb, PyroSic) permettent de gagner drastiquement de la masse au niveau des [&hellip;]\" \/>\n<meta property=\"og:url\" content=\"https:\/\/pyromeral.com\/fr\/nouvelles-mobilites-e-vtol\/\" \/>\n<meta property=\"og:site_name\" content=\"Pyromeral\" \/>\n<meta property=\"article:modified_time\" content=\"2024-04-08T11:47:58+00:00\" \/>\n<meta property=\"og:image\" content=\"https:\/\/pyromeral.com\/wp-content\/uploads\/2021\/08\/Sans-titre-768x382.png\" \/>\n<meta name=\"twitter:card\" content=\"summary_large_image\" \/>\n<meta name=\"twitter:label1\" content=\"Dur\u00e9e de lecture estim\u00e9e\" \/>\n\t<meta name=\"twitter:data1\" content=\"1 minute\" \/>\n<script type=\"application\/ld+json\" class=\"yoast-schema-graph\">{\"@context\":\"https:\\\/\\\/schema.org\",\"@graph\":[{\"@type\":\"WebPage\",\"@id\":\"https:\\\/\\\/pyromeral.com\\\/fr\\\/nouvelles-mobilites-e-vtol\\\/\",\"url\":\"https:\\\/\\\/pyromeral.com\\\/fr\\\/nouvelles-mobilites-e-vtol\\\/\",\"name\":\"Nouvelles mobilit\u00e9s (e-VTOL) - Pyromeral\",\"isPartOf\":{\"@id\":\"https:\\\/\\\/pyromeral.com\\\/fr\\\/#website\"},\"primaryImageOfPage\":{\"@id\":\"https:\\\/\\\/pyromeral.com\\\/fr\\\/nouvelles-mobilites-e-vtol\\\/#primaryimage\"},\"image\":{\"@id\":\"https:\\\/\\\/pyromeral.com\\\/fr\\\/nouvelles-mobilites-e-vtol\\\/#primaryimage\"},\"thumbnailUrl\":\"https:\\\/\\\/pyromeral.com\\\/wp-content\\\/uploads\\\/2021\\\/08\\\/Sans-titre-768x382.png\",\"datePublished\":\"2021-08-06T15:24:00+00:00\",\"dateModified\":\"2024-04-08T11:47:58+00:00\",\"breadcrumb\":{\"@id\":\"https:\\\/\\\/pyromeral.com\\\/fr\\\/nouvelles-mobilites-e-vtol\\\/#breadcrumb\"},\"inLanguage\":\"fr-FR\",\"potentialAction\":[{\"@type\":\"ReadAction\",\"target\":[\"https:\\\/\\\/pyromeral.com\\\/fr\\\/nouvelles-mobilites-e-vtol\\\/\"]}]},{\"@type\":\"ImageObject\",\"inLanguage\":\"fr-FR\",\"@id\":\"https:\\\/\\\/pyromeral.com\\\/fr\\\/nouvelles-mobilites-e-vtol\\\/#primaryimage\",\"url\":\"https:\\\/\\\/pyromeral.com\\\/wp-content\\\/uploads\\\/2021\\\/08\\\/Sans-titre-768x382.png\",\"contentUrl\":\"https:\\\/\\\/pyromeral.com\\\/wp-content\\\/uploads\\\/2021\\\/08\\\/Sans-titre-768x382.png\"},{\"@type\":\"BreadcrumbList\",\"@id\":\"https:\\\/\\\/pyromeral.com\\\/fr\\\/nouvelles-mobilites-e-vtol\\\/#breadcrumb\",\"itemListElement\":[{\"@type\":\"ListItem\",\"position\":1,\"name\":\"Accueil\",\"item\":\"https:\\\/\\\/pyromeral.com\\\/fr\\\/\"},{\"@type\":\"ListItem\",\"position\":2,\"name\":\"Nouvelles mobilit\u00e9s (e-VTOL)\"}]},{\"@type\":\"WebSite\",\"@id\":\"https:\\\/\\\/pyromeral.com\\\/fr\\\/#website\",\"url\":\"https:\\\/\\\/pyromeral.com\\\/fr\\\/\",\"name\":\"Pyromeral\",\"description\":\"\",\"publisher\":{\"@id\":\"https:\\\/\\\/pyromeral.com\\\/fr\\\/#organization\"},\"potentialAction\":[{\"@type\":\"SearchAction\",\"target\":{\"@type\":\"EntryPoint\",\"urlTemplate\":\"https:\\\/\\\/pyromeral.com\\\/fr\\\/?s={search_term_string}\"},\"query-input\":{\"@type\":\"PropertyValueSpecification\",\"valueRequired\":true,\"valueName\":\"search_term_string\"}}],\"inLanguage\":\"fr-FR\"},{\"@type\":\"Organization\",\"@id\":\"https:\\\/\\\/pyromeral.com\\\/fr\\\/#organization\",\"name\":\"Pyromeral\",\"url\":\"https:\\\/\\\/pyromeral.com\\\/fr\\\/\",\"logo\":{\"@type\":\"ImageObject\",\"inLanguage\":\"fr-FR\",\"@id\":\"https:\\\/\\\/pyromeral.com\\\/fr\\\/#\\\/schema\\\/logo\\\/image\\\/\",\"url\":\"https:\\\/\\\/pyromeral.com\\\/wp-content\\\/uploads\\\/2021\\\/06\\\/logo.png\",\"contentUrl\":\"https:\\\/\\\/pyromeral.com\\\/wp-content\\\/uploads\\\/2021\\\/06\\\/logo.png\",\"width\":420,\"height\":150,\"caption\":\"Pyromeral\"},\"image\":{\"@id\":\"https:\\\/\\\/pyromeral.com\\\/fr\\\/#\\\/schema\\\/logo\\\/image\\\/\"}}]}<\/script>\n<!-- \/ Yoast SEO plugin. -->","yoast_head_json":{"title":"Nouvelles mobilit\u00e9s (e-VTOL) - Pyromeral","robots":{"index":"index","follow":"follow","max-snippet":"max-snippet:-1","max-image-preview":"max-image-preview:large","max-video-preview":"max-video-preview:-1"},"canonical":"https:\/\/pyromeral.com\/fr\/nouvelles-mobilites-e-vtol\/","og_locale":"fr_FR","og_type":"article","og_title":"Nouvelles mobilit\u00e9s (e-VTOL) - Pyromeral","og_description":"Pyromeral Des mat\u00e9riaux r\u00e9sistant au feu Les mat\u00e9riaux composites min\u00e9raux de Pyromeral r\u00e9sistent au feu. Ils ont \u00e9t\u00e9 test\u00e9s avec succ\u00e8s et valid\u00e9s pour des applications de car\u00e9nage de batterie, dans le cadre de projets de taxis volants et d&#8217;avions \u00e9lectrique. Nos solutions (PyroKarb, PyroSic) permettent de gagner drastiquement de la masse au niveau des [&hellip;]","og_url":"https:\/\/pyromeral.com\/fr\/nouvelles-mobilites-e-vtol\/","og_site_name":"Pyromeral","article_modified_time":"2024-04-08T11:47:58+00:00","og_image":[{"url":"https:\/\/pyromeral.com\/wp-content\/uploads\/2021\/08\/Sans-titre-768x382.png","type":"","width":"","height":""}],"twitter_card":"summary_large_image","twitter_misc":{"Dur\u00e9e de lecture estim\u00e9e":"1 minute"},"schema":{"@context":"https:\/\/schema.org","@graph":[{"@type":"WebPage","@id":"https:\/\/pyromeral.com\/fr\/nouvelles-mobilites-e-vtol\/","url":"https:\/\/pyromeral.com\/fr\/nouvelles-mobilites-e-vtol\/","name":"Nouvelles mobilit\u00e9s (e-VTOL) - Pyromeral","isPartOf":{"@id":"https:\/\/pyromeral.com\/fr\/#website"},"primaryImageOfPage":{"@id":"https:\/\/pyromeral.com\/fr\/nouvelles-mobilites-e-vtol\/#primaryimage"},"image":{"@id":"https:\/\/pyromeral.com\/fr\/nouvelles-mobilites-e-vtol\/#primaryimage"},"thumbnailUrl":"https:\/\/pyromeral.com\/wp-content\/uploads\/2021\/08\/Sans-titre-768x382.png","datePublished":"2021-08-06T15:24:00+00:00","dateModified":"2024-04-08T11:47:58+00:00","breadcrumb":{"@id":"https:\/\/pyromeral.com\/fr\/nouvelles-mobilites-e-vtol\/#breadcrumb"},"inLanguage":"fr-FR","potentialAction":[{"@type":"ReadAction","target":["https:\/\/pyromeral.com\/fr\/nouvelles-mobilites-e-vtol\/"]}]},{"@type":"ImageObject","inLanguage":"fr-FR","@id":"https:\/\/pyromeral.com\/fr\/nouvelles-mobilites-e-vtol\/#primaryimage","url":"https:\/\/pyromeral.com\/wp-content\/uploads\/2021\/08\/Sans-titre-768x382.png","contentUrl":"https:\/\/pyromeral.com\/wp-content\/uploads\/2021\/08\/Sans-titre-768x382.png"},{"@type":"BreadcrumbList","@id":"https:\/\/pyromeral.com\/fr\/nouvelles-mobilites-e-vtol\/#breadcrumb","itemListElement":[{"@type":"ListItem","position":1,"name":"Accueil","item":"https:\/\/pyromeral.com\/fr\/"},{"@type":"ListItem","position":2,"name":"Nouvelles mobilit\u00e9s (e-VTOL)"}]},{"@type":"WebSite","@id":"https:\/\/pyromeral.com\/fr\/#website","url":"https:\/\/pyromeral.com\/fr\/","name":"Pyromeral","description":"","publisher":{"@id":"https:\/\/pyromeral.com\/fr\/#organization"},"potentialAction":[{"@type":"SearchAction","target":{"@type":"EntryPoint","urlTemplate":"https:\/\/pyromeral.com\/fr\/?s={search_term_string}"},"query-input":{"@type":"PropertyValueSpecification","valueRequired":true,"valueName":"search_term_string"}}],"inLanguage":"fr-FR"},{"@type":"Organization","@id":"https:\/\/pyromeral.com\/fr\/#organization","name":"Pyromeral","url":"https:\/\/pyromeral.com\/fr\/","logo":{"@type":"ImageObject","inLanguage":"fr-FR","@id":"https:\/\/pyromeral.com\/fr\/#\/schema\/logo\/image\/","url":"https:\/\/pyromeral.com\/wp-content\/uploads\/2021\/06\/logo.png","contentUrl":"https:\/\/pyromeral.com\/wp-content\/uploads\/2021\/06\/logo.png","width":420,"height":150,"caption":"Pyromeral"},"image":{"@id":"https:\/\/pyromeral.com\/fr\/#\/schema\/logo\/image\/"}}]}},"_links":{"self":[{"href":"https:\/\/pyromeral.com\/fr\/wp-json\/wp\/v2\/pages\/5384","targetHints":{"allow":["GET"]}}],"collection":[{"href":"https:\/\/pyromeral.com\/fr\/wp-json\/wp\/v2\/pages"}],"about":[{"href":"https:\/\/pyromeral.com\/fr\/wp-json\/wp\/v2\/types\/page"}],"author":[{"embeddable":true,"href":"https:\/\/pyromeral.com\/fr\/wp-json\/wp\/v2\/users\/4"}],"replies":[{"embeddable":true,"href":"https:\/\/pyromeral.com\/fr\/wp-json\/wp\/v2\/comments?post=5384"}],"version-history":[{"count":22,"href":"https:\/\/pyromeral.com\/fr\/wp-json\/wp\/v2\/pages\/5384\/revisions"}],"predecessor-version":[{"id":6275,"href":"https:\/\/pyromeral.com\/fr\/wp-json\/wp\/v2\/pages\/5384\/revisions\/6275"}],"wp:attachment":[{"href":"https:\/\/pyromeral.com\/fr\/wp-json\/wp\/v2\/media?parent=5384"}],"curies":[{"name":"wp","href":"https:\/\/api.w.org\/{rel}","templated":true}]}}