{"id":5394,"date":"2021-08-16T17:05:56","date_gmt":"2021-08-16T15:05:56","guid":{"rendered":"https:\/\/pyromeral.com\/?page_id=5394"},"modified":"2025-04-28T17:08:37","modified_gmt":"2025-04-28T15:08:37","slug":"competition-automobile","status":"publish","type":"page","link":"https:\/\/pyromeral.com\/fr\/competition-automobile\/","title":{"rendered":"Comp\u00e9tition automobile"},"content":{"rendered":"\t\t<div data-elementor-type=\"wp-page\" data-elementor-id=\"5394\" class=\"elementor elementor-5394\">\n\t\t\t\t\t\t<section class=\"elementor-section elementor-top-section elementor-element elementor-element-7e738eb elementor-section-boxed elementor-section-height-default elementor-section-height-default\" data-id=\"7e738eb\" data-element_type=\"section\">\n\t\t\t\t\t\t<div class=\"elementor-container elementor-column-gap-default\">\n\t\t\t\t\t<div class=\"elementor-column elementor-col-50 elementor-top-column elementor-element elementor-element-9d12a05\" data-id=\"9d12a05\" data-element_type=\"column\">\n\t\t\t<div class=\"elementor-widget-wrap elementor-element-populated\">\n\t\t\t\t\t\t<div class=\"elementor-element elementor-element-f2bbf02 elementor-widget elementor-widget-spacer\" data-id=\"f2bbf02\" data-element_type=\"widget\" data-widget_type=\"spacer.default\">\n\t\t\t\t<div class=\"elementor-widget-container\">\n\t\t\t\t\t<div class=\"elementor-spacer\">\n\t\t\t<div class=\"elementor-spacer-inner\"><\/div>\n\t\t<\/div>\n\t\t\t\t<\/div>\n\t\t\t\t<\/div>\n\t\t\t\t<div class=\"elementor-element elementor-element-4b55f24 aleft elementor-widget elementor-widget-wgl-double-headings\" data-id=\"4b55f24\" data-element_type=\"widget\" data-widget_type=\"wgl-double-headings.default\">\n\t\t\t\t<div class=\"elementor-widget-container\">\n\t\t\t<div class=\"wgl-double_heading\"><div class=\"dbl__subtitle\">Pyromeral<\/div><h3 class=\"dbl__title-wrapper\"><span class=\"dbl__title dbl__title_1\">Pr\u00e9sent sur<\/span><span class=\"dbl__title dbl__title_2\"> tous les circuits du monde<\/span><\/h3><\/div>\t\t<\/div>\n\t\t\t\t<\/div>\n\t\t\t\t<div class=\"elementor-element elementor-element-6a0eb9a elementor-widget elementor-widget-text-editor\" data-id=\"6a0eb9a\" data-element_type=\"widget\" data-widget_type=\"text-editor.default\">\n\t\t\t\t<div class=\"elementor-widget-container\">\n\t\t\t\t\t\t\t<p><strong>Depuis plus de 15 ans, les pi\u00e8ces r\u00e9alis\u00e9es par Pyromeral sont pr\u00e9sentes sur tous les circuits du monde.<\/strong><\/p><p>Nous avons accompagn\u00e9 tous les champions du monde depuis cette \u00e9poque aussi bien en Formule 1, qu&#8217;en WRC ou encore sur les prototypes du Mans. Nous sommes \u00e9galement pr\u00e9sent dans d&#8217;autres disciplines (DTM, IndyCar, SuperGT)<\/p><p>Comme les mat\u00e9riaux composites de Pyromeral r\u00e9sistent tr\u00e8s bien aux hautes temp\u00e9ratures et sont donc une alternative de choix pour remplacer les produits m\u00e9talliques dans les zones chaudes des v\u00e9hicules. Ou bien ils remplacent les composites plus traditionnels lorsque ces derniers ne peuvent plus r\u00e9sister aux temp\u00e9ratures environnantes.<\/p><p>Par exemple, nos produits sont 2 fois plus l\u00e9ger que le Titane et 4 fois plus l\u00e9ger que les Aciers et les Inconels.<\/p><p>Les pi\u00e8ces, r\u00e9alis\u00e9es en <strong>PyroSic<\/strong> ou bien en <strong>PyroKarb<\/strong>, sont pr\u00e9sentes aussi bien au niveau des \u00e9crans thermiques pour les syst\u00e8mes de freinage qu&#8217;au niveau des \u00e9chappements et des turbochargers.<\/p><p>Nous fabriquons \u00e9galement des \u00e9l\u00e9ments de carrosserie ext\u00e9rieure aupr\u00e8s desquels les syst\u00e8mes d&#8217;\u00e9chappement s&#8217;approchent un peu trop.<\/p>\t\t\t\t\t\t<\/div>\n\t\t\t\t<\/div>\n\t\t\t\t<div class=\"elementor-element elementor-element-64359ba elementor-widget elementor-widget-spacer\" data-id=\"64359ba\" data-element_type=\"widget\" data-widget_type=\"spacer.default\">\n\t\t\t\t<div class=\"elementor-widget-container\">\n\t\t\t\t\t<div class=\"elementor-spacer\">\n\t\t\t<div class=\"elementor-spacer-inner\"><\/div>\n\t\t<\/div>\n\t\t\t\t<\/div>\n\t\t\t\t<\/div>\n\t\t\t\t\t<\/div>\n\t\t<\/div>\n\t\t\t\t<div class=\"elementor-column elementor-col-50 elementor-top-column elementor-element elementor-element-bab1033\" data-id=\"bab1033\" data-element_type=\"column\" data-settings=\"{&quot;background_background&quot;:&quot;classic&quot;}\">\n\t\t\t<div class=\"elementor-widget-wrap elementor-element-populated\">\n\t\t\t\t\t\t<div class=\"elementor-element elementor-element-1b99e5d elementor-widget elementor-widget-spacer\" data-id=\"1b99e5d\" data-element_type=\"widget\" data-widget_type=\"spacer.default\">\n\t\t\t\t<div class=\"elementor-widget-container\">\n\t\t\t\t\t<div class=\"elementor-spacer\">\n\t\t\t<div class=\"elementor-spacer-inner\"><\/div>\n\t\t<\/div>\n\t\t\t\t<\/div>\n\t\t\t\t<\/div>\n\t\t\t\t<div class=\"elementor-element elementor-element-fbdfa2b elementor-widget elementor-widget-spacer\" data-id=\"fbdfa2b\" data-element_type=\"widget\" data-widget_type=\"spacer.default\">\n\t\t\t\t<div class=\"elementor-widget-container\">\n\t\t\t\t\t<div class=\"elementor-spacer\">\n\t\t\t<div class=\"elementor-spacer-inner\"><\/div>\n\t\t<\/div>\n\t\t\t\t<\/div>\n\t\t\t\t<\/div>\n\t\t\t\t\t<\/div>\n\t\t<\/div>\n\t\t\t\t\t<\/div>\n\t\t<\/section>\n\t\t\t\t<section class=\"elementor-section elementor-top-section elementor-element elementor-element-5dccc52 elementor-section-full_width elementor-section-height-default elementor-section-height-default elementor-invisible\" data-id=\"5dccc52\" data-element_type=\"section\" data-settings=\"{&quot;background_background&quot;:&quot;classic&quot;,&quot;animation&quot;:&quot;fadeInLeft&quot;}\">\n\t\t\t\t\t\t\t<div class=\"elementor-background-overlay\"><\/div>\n\t\t\t\t\t\t\t<div class=\"elementor-container elementor-column-gap-default\">\n\t\t\t\t\t<div class=\"elementor-column elementor-col-100 elementor-top-column elementor-element elementor-element-a5c87b2\" data-id=\"a5c87b2\" data-element_type=\"column\">\n\t\t\t<div class=\"elementor-widget-wrap elementor-element-populated\">\n\t\t\t\t\t\t<div class=\"elementor-element elementor-element-dd986e4 elementor-widget elementor-widget-image-carousel\" data-id=\"dd986e4\" data-element_type=\"widget\" data-settings=\"{&quot;navigation&quot;:&quot;none&quot;,&quot;slides_to_show&quot;:&quot;2&quot;,&quot;autoplay&quot;:&quot;yes&quot;,&quot;pause_on_hover&quot;:&quot;yes&quot;,&quot;pause_on_interaction&quot;:&quot;yes&quot;,&quot;autoplay_speed&quot;:5000,&quot;infinite&quot;:&quot;yes&quot;,&quot;speed&quot;:500}\" data-widget_type=\"image-carousel.default\">\n\t\t\t\t<div class=\"elementor-widget-container\">\n\t\t\t\t\t<div class=\"elementor-image-carousel-wrapper swiper\" dir=\"ltr\">\n\t\t\t<div class=\"elementor-image-carousel swiper-wrapper\" aria-live=\"off\">\n\t\t\t\t\t\t\t\t<div class=\"swiper-slide\" role=\"group\" aria-roledescription=\"slide\" aria-label=\"1 sur 2\"><figure class=\"swiper-slide-inner\"><img decoding=\"async\" class=\"swiper-slide-image\" src=\"https:\/\/pyromeral.com\/wp-content\/uploads\/2021\/08\/Dragster-with-Flames2.jpg\" alt=\"Dragster-with-Flames2\" \/><\/figure><\/div><div class=\"swiper-slide\" role=\"group\" aria-roledescription=\"slide\" aria-label=\"2 sur 2\"><figure class=\"swiper-slide-inner\"><img decoding=\"async\" class=\"swiper-slide-image\" src=\"https:\/\/pyromeral.com\/wp-content\/uploads\/2021\/08\/PyroSic-backplate-3.jpg\" alt=\"PyroSic-backplate-3\" \/><\/figure><\/div>\t\t\t<\/div>\n\t\t\t\t\t\t\t\n\t\t\t\t\t\t\t\t\t<\/div>\n\t\t\t\t<\/div>\n\t\t\t\t<\/div>\n\t\t\t\t<div class=\"elementor-element elementor-element-69a4802 elementor-widget elementor-widget-spacer\" data-id=\"69a4802\" data-element_type=\"widget\" data-widget_type=\"spacer.default\">\n\t\t\t\t<div class=\"elementor-widget-container\">\n\t\t\t\t\t<div class=\"elementor-spacer\">\n\t\t\t<div class=\"elementor-spacer-inner\"><\/div>\n\t\t<\/div>\n\t\t\t\t<\/div>\n\t\t\t\t<\/div>\n\t\t\t\t<section class=\"elementor-section elementor-inner-section elementor-element elementor-element-87e7ba6 elementor-section-boxed elementor-section-height-default elementor-section-height-default\" data-id=\"87e7ba6\" data-element_type=\"section\">\n\t\t\t\t\t\t<div class=\"elementor-container elementor-column-gap-default\">\n\t\t\t\t\t<div class=\"elementor-column elementor-col-33 elementor-inner-column elementor-element elementor-element-c102cc5\" data-id=\"c102cc5\" data-element_type=\"column\">\n\t\t\t<div class=\"elementor-widget-wrap elementor-element-populated\">\n\t\t\t\t\t\t<div class=\"elementor-element elementor-element-cdebdd1 elementor-widget__width-initial aleft elementor-widget elementor-widget-wgl-double-headings\" data-id=\"cdebdd1\" data-element_type=\"widget\" data-widget_type=\"wgl-double-headings.default\">\n\t\t\t\t<div class=\"elementor-widget-container\">\n\t\t\t<div class=\"wgl-double_heading\"><h3 class=\"dbl__title-wrapper\"><span class=\"dbl__title dbl__title_1\">Contactez-nous<\/span><\/h3><\/div>\t\t<\/div>\n\t\t\t\t<\/div>\n\t\t\t\t<div class=\"elementor-element elementor-element-0c73a60 elementor-widget elementor-widget-text-editor\" data-id=\"0c73a60\" data-element_type=\"widget\" data-widget_type=\"text-editor.default\">\n\t\t\t\t<div class=\"elementor-widget-container\">\n\t\t\t\t\t\t\t<p><span>Gr\u00e2ce \u00e0 notre expertise dans la fabrication de pi\u00e8ces en mat\u00e9riaux composites \u00e0 haute temp\u00e9rature, nous sommes bien positionn\u00e9s pour aider nos clients \u00e0 satisfaire rapidement et efficacement leurs projets.<\/span><\/p>\t\t\t\t\t\t<\/div>\n\t\t\t\t<\/div>\n\t\t\t\t\t<\/div>\n\t\t<\/div>\n\t\t\t\t<div class=\"elementor-column elementor-col-66 elementor-inner-column elementor-element elementor-element-fb75207\" data-id=\"fb75207\" data-element_type=\"column\">\n\t\t\t<div class=\"elementor-widget-wrap elementor-element-populated\">\n\t\t\t\t\t\t<div class=\"elementor-element elementor-element-6cb6a13 elementor-widget elementor-widget-spacer\" data-id=\"6cb6a13\" data-element_type=\"widget\" data-widget_type=\"spacer.default\">\n\t\t\t\t<div class=\"elementor-widget-container\">\n\t\t\t\t\t<div class=\"elementor-spacer\">\n\t\t\t<div class=\"elementor-spacer-inner\"><\/div>\n\t\t<\/div>\n\t\t\t\t<\/div>\n\t\t\t\t<\/div>\n\t\t\t\t<div class=\"elementor-element elementor-element-7f2c17d acenter elementor-widget elementor-widget-wgl-button\" data-id=\"7f2c17d\" data-element_type=\"widget\" data-widget_type=\"wgl-button.default\">\n\t\t\t\t<div class=\"elementor-widget-container\">\n\t\t\t<div class=\"button-wrapper\"><a  class=\"wgl-button btn-size-md \" role=\"button\" href=\"#\"><div class=\"button-content-wrapper \"><span class=\"wgl-button-text\">nous contacter<\/span><\/div><\/a><\/div>\t\t<\/div>\n\t\t\t\t<\/div>\n\t\t\t\t\t<\/div>\n\t\t<\/div>\n\t\t\t\t\t<\/div>\n\t\t<\/section>\n\t\t\t\t<div class=\"elementor-element elementor-element-ba21f15 elementor-widget elementor-widget-spacer\" data-id=\"ba21f15\" data-element_type=\"widget\" data-widget_type=\"spacer.default\">\n\t\t\t\t<div class=\"elementor-widget-container\">\n\t\t\t\t\t<div class=\"elementor-spacer\">\n\t\t\t<div class=\"elementor-spacer-inner\"><\/div>\n\t\t<\/div>\n\t\t\t\t<\/div>\n\t\t\t\t<\/div>\n\t\t\t\t\t<\/div>\n\t\t<\/div>\n\t\t\t\t\t<\/div>\n\t\t<\/section>\n\t\t\t\t<\/div>\n\t\t","protected":false},"excerpt":{"rendered":"<p>Pyromeral Pr\u00e9sent sur tous les circuits du monde Depuis plus de 15 ans, les pi\u00e8ces r\u00e9alis\u00e9es par Pyromeral sont pr\u00e9sentes sur tous les circuits du monde. Nous avons accompagn\u00e9 tous les champions du monde depuis cette \u00e9poque aussi bien en Formule 1, qu&#8217;en WRC ou encore sur les prototypes du Mans. Nous sommes \u00e9galement pr\u00e9sent [&hellip;]<\/p>\n","protected":false},"author":4,"featured_media":0,"parent":0,"menu_order":0,"comment_status":"closed","ping_status":"closed","template":"","meta":{"footnotes":""},"class_list":["post-5394","page","type-page","status-publish","hentry"],"yoast_head":"<!-- This site is optimized with the Yoast SEO plugin v27.4 - https:\/\/yoast.com\/product\/yoast-seo-wordpress\/ -->\n<title>Comp\u00e9tition automobile - Pyromeral<\/title>\n<meta name=\"robots\" content=\"index, follow, max-snippet:-1, max-image-preview:large, max-video-preview:-1\" \/>\n<link rel=\"canonical\" href=\"https:\/\/pyromeral.com\/fr\/competition-automobile\/\" \/>\n<meta property=\"og:locale\" content=\"fr_FR\" \/>\n<meta property=\"og:type\" content=\"article\" \/>\n<meta property=\"og:title\" content=\"Comp\u00e9tition automobile - Pyromeral\" \/>\n<meta property=\"og:description\" content=\"Pyromeral Pr\u00e9sent sur tous les circuits du monde Depuis plus de 15 ans, les pi\u00e8ces r\u00e9alis\u00e9es par Pyromeral sont pr\u00e9sentes sur tous les circuits du monde. Nous avons accompagn\u00e9 tous les champions du monde depuis cette \u00e9poque aussi bien en Formule 1, qu&#8217;en WRC ou encore sur les prototypes du Mans. Nous sommes \u00e9galement pr\u00e9sent [&hellip;]\" \/>\n<meta property=\"og:url\" content=\"https:\/\/pyromeral.com\/fr\/competition-automobile\/\" \/>\n<meta property=\"og:site_name\" content=\"Pyromeral\" \/>\n<meta property=\"article:modified_time\" content=\"2025-04-28T15:08:37+00:00\" \/>\n<meta property=\"og:image\" content=\"https:\/\/pyromeral.com\/wp-content\/uploads\/2021\/08\/Dragster-with-Flames2.jpg\" \/>\n<meta name=\"twitter:card\" content=\"summary_large_image\" \/>\n<meta name=\"twitter:label1\" content=\"Dur\u00e9e de lecture estim\u00e9e\" \/>\n\t<meta name=\"twitter:data1\" content=\"3 minutes\" \/>\n<script type=\"application\/ld+json\" class=\"yoast-schema-graph\">{\"@context\":\"https:\\\/\\\/schema.org\",\"@graph\":[{\"@type\":\"WebPage\",\"@id\":\"https:\\\/\\\/pyromeral.com\\\/fr\\\/competition-automobile\\\/\",\"url\":\"https:\\\/\\\/pyromeral.com\\\/fr\\\/competition-automobile\\\/\",\"name\":\"Comp\u00e9tition automobile - Pyromeral\",\"isPartOf\":{\"@id\":\"https:\\\/\\\/pyromeral.com\\\/fr\\\/#website\"},\"primaryImageOfPage\":{\"@id\":\"https:\\\/\\\/pyromeral.com\\\/fr\\\/competition-automobile\\\/#primaryimage\"},\"image\":{\"@id\":\"https:\\\/\\\/pyromeral.com\\\/fr\\\/competition-automobile\\\/#primaryimage\"},\"thumbnailUrl\":\"https:\\\/\\\/pyromeral.com\\\/wp-content\\\/uploads\\\/2021\\\/08\\\/Dragster-with-Flames2.jpg\",\"datePublished\":\"2021-08-16T15:05:56+00:00\",\"dateModified\":\"2025-04-28T15:08:37+00:00\",\"breadcrumb\":{\"@id\":\"https:\\\/\\\/pyromeral.com\\\/fr\\\/competition-automobile\\\/#breadcrumb\"},\"inLanguage\":\"fr-FR\",\"potentialAction\":[{\"@type\":\"ReadAction\",\"target\":[\"https:\\\/\\\/pyromeral.com\\\/fr\\\/competition-automobile\\\/\"]}]},{\"@type\":\"ImageObject\",\"inLanguage\":\"fr-FR\",\"@id\":\"https:\\\/\\\/pyromeral.com\\\/fr\\\/competition-automobile\\\/#primaryimage\",\"url\":\"https:\\\/\\\/pyromeral.com\\\/wp-content\\\/uploads\\\/2021\\\/08\\\/Dragster-with-Flames2.jpg\",\"contentUrl\":\"https:\\\/\\\/pyromeral.com\\\/wp-content\\\/uploads\\\/2021\\\/08\\\/Dragster-with-Flames2.jpg\"},{\"@type\":\"BreadcrumbList\",\"@id\":\"https:\\\/\\\/pyromeral.com\\\/fr\\\/competition-automobile\\\/#breadcrumb\",\"itemListElement\":[{\"@type\":\"ListItem\",\"position\":1,\"name\":\"Accueil\",\"item\":\"https:\\\/\\\/pyromeral.com\\\/fr\\\/\"},{\"@type\":\"ListItem\",\"position\":2,\"name\":\"Comp\u00e9tition automobile\"}]},{\"@type\":\"WebSite\",\"@id\":\"https:\\\/\\\/pyromeral.com\\\/fr\\\/#website\",\"url\":\"https:\\\/\\\/pyromeral.com\\\/fr\\\/\",\"name\":\"Pyromeral\",\"description\":\"\",\"publisher\":{\"@id\":\"https:\\\/\\\/pyromeral.com\\\/fr\\\/#organization\"},\"potentialAction\":[{\"@type\":\"SearchAction\",\"target\":{\"@type\":\"EntryPoint\",\"urlTemplate\":\"https:\\\/\\\/pyromeral.com\\\/fr\\\/?s={search_term_string}\"},\"query-input\":{\"@type\":\"PropertyValueSpecification\",\"valueRequired\":true,\"valueName\":\"search_term_string\"}}],\"inLanguage\":\"fr-FR\"},{\"@type\":\"Organization\",\"@id\":\"https:\\\/\\\/pyromeral.com\\\/fr\\\/#organization\",\"name\":\"Pyromeral\",\"url\":\"https:\\\/\\\/pyromeral.com\\\/fr\\\/\",\"logo\":{\"@type\":\"ImageObject\",\"inLanguage\":\"fr-FR\",\"@id\":\"https:\\\/\\\/pyromeral.com\\\/fr\\\/#\\\/schema\\\/logo\\\/image\\\/\",\"url\":\"https:\\\/\\\/pyromeral.com\\\/wp-content\\\/uploads\\\/2021\\\/06\\\/logo.png\",\"contentUrl\":\"https:\\\/\\\/pyromeral.com\\\/wp-content\\\/uploads\\\/2021\\\/06\\\/logo.png\",\"width\":420,\"height\":150,\"caption\":\"Pyromeral\"},\"image\":{\"@id\":\"https:\\\/\\\/pyromeral.com\\\/fr\\\/#\\\/schema\\\/logo\\\/image\\\/\"}}]}<\/script>\n<!-- \/ Yoast SEO plugin. -->","yoast_head_json":{"title":"Comp\u00e9tition automobile - Pyromeral","robots":{"index":"index","follow":"follow","max-snippet":"max-snippet:-1","max-image-preview":"max-image-preview:large","max-video-preview":"max-video-preview:-1"},"canonical":"https:\/\/pyromeral.com\/fr\/competition-automobile\/","og_locale":"fr_FR","og_type":"article","og_title":"Comp\u00e9tition automobile - Pyromeral","og_description":"Pyromeral Pr\u00e9sent sur tous les circuits du monde Depuis plus de 15 ans, les pi\u00e8ces r\u00e9alis\u00e9es par Pyromeral sont pr\u00e9sentes sur tous les circuits du monde. Nous avons accompagn\u00e9 tous les champions du monde depuis cette \u00e9poque aussi bien en Formule 1, qu&#8217;en WRC ou encore sur les prototypes du Mans. Nous sommes \u00e9galement pr\u00e9sent [&hellip;]","og_url":"https:\/\/pyromeral.com\/fr\/competition-automobile\/","og_site_name":"Pyromeral","article_modified_time":"2025-04-28T15:08:37+00:00","og_image":[{"url":"https:\/\/pyromeral.com\/wp-content\/uploads\/2021\/08\/Dragster-with-Flames2.jpg","type":"","width":"","height":""}],"twitter_card":"summary_large_image","twitter_misc":{"Dur\u00e9e de lecture estim\u00e9e":"3 minutes"},"schema":{"@context":"https:\/\/schema.org","@graph":[{"@type":"WebPage","@id":"https:\/\/pyromeral.com\/fr\/competition-automobile\/","url":"https:\/\/pyromeral.com\/fr\/competition-automobile\/","name":"Comp\u00e9tition automobile - Pyromeral","isPartOf":{"@id":"https:\/\/pyromeral.com\/fr\/#website"},"primaryImageOfPage":{"@id":"https:\/\/pyromeral.com\/fr\/competition-automobile\/#primaryimage"},"image":{"@id":"https:\/\/pyromeral.com\/fr\/competition-automobile\/#primaryimage"},"thumbnailUrl":"https:\/\/pyromeral.com\/wp-content\/uploads\/2021\/08\/Dragster-with-Flames2.jpg","datePublished":"2021-08-16T15:05:56+00:00","dateModified":"2025-04-28T15:08:37+00:00","breadcrumb":{"@id":"https:\/\/pyromeral.com\/fr\/competition-automobile\/#breadcrumb"},"inLanguage":"fr-FR","potentialAction":[{"@type":"ReadAction","target":["https:\/\/pyromeral.com\/fr\/competition-automobile\/"]}]},{"@type":"ImageObject","inLanguage":"fr-FR","@id":"https:\/\/pyromeral.com\/fr\/competition-automobile\/#primaryimage","url":"https:\/\/pyromeral.com\/wp-content\/uploads\/2021\/08\/Dragster-with-Flames2.jpg","contentUrl":"https:\/\/pyromeral.com\/wp-content\/uploads\/2021\/08\/Dragster-with-Flames2.jpg"},{"@type":"BreadcrumbList","@id":"https:\/\/pyromeral.com\/fr\/competition-automobile\/#breadcrumb","itemListElement":[{"@type":"ListItem","position":1,"name":"Accueil","item":"https:\/\/pyromeral.com\/fr\/"},{"@type":"ListItem","position":2,"name":"Comp\u00e9tition automobile"}]},{"@type":"WebSite","@id":"https:\/\/pyromeral.com\/fr\/#website","url":"https:\/\/pyromeral.com\/fr\/","name":"Pyromeral","description":"","publisher":{"@id":"https:\/\/pyromeral.com\/fr\/#organization"},"potentialAction":[{"@type":"SearchAction","target":{"@type":"EntryPoint","urlTemplate":"https:\/\/pyromeral.com\/fr\/?s={search_term_string}"},"query-input":{"@type":"PropertyValueSpecification","valueRequired":true,"valueName":"search_term_string"}}],"inLanguage":"fr-FR"},{"@type":"Organization","@id":"https:\/\/pyromeral.com\/fr\/#organization","name":"Pyromeral","url":"https:\/\/pyromeral.com\/fr\/","logo":{"@type":"ImageObject","inLanguage":"fr-FR","@id":"https:\/\/pyromeral.com\/fr\/#\/schema\/logo\/image\/","url":"https:\/\/pyromeral.com\/wp-content\/uploads\/2021\/06\/logo.png","contentUrl":"https:\/\/pyromeral.com\/wp-content\/uploads\/2021\/06\/logo.png","width":420,"height":150,"caption":"Pyromeral"},"image":{"@id":"https:\/\/pyromeral.com\/fr\/#\/schema\/logo\/image\/"}}]}},"_links":{"self":[{"href":"https:\/\/pyromeral.com\/fr\/wp-json\/wp\/v2\/pages\/5394","targetHints":{"allow":["GET"]}}],"collection":[{"href":"https:\/\/pyromeral.com\/fr\/wp-json\/wp\/v2\/pages"}],"about":[{"href":"https:\/\/pyromeral.com\/fr\/wp-json\/wp\/v2\/types\/page"}],"author":[{"embeddable":true,"href":"https:\/\/pyromeral.com\/fr\/wp-json\/wp\/v2\/users\/4"}],"replies":[{"embeddable":true,"href":"https:\/\/pyromeral.com\/fr\/wp-json\/wp\/v2\/comments?post=5394"}],"version-history":[{"count":16,"href":"https:\/\/pyromeral.com\/fr\/wp-json\/wp\/v2\/pages\/5394\/revisions"}],"predecessor-version":[{"id":6357,"href":"https:\/\/pyromeral.com\/fr\/wp-json\/wp\/v2\/pages\/5394\/revisions\/6357"}],"wp:attachment":[{"href":"https:\/\/pyromeral.com\/fr\/wp-json\/wp\/v2\/media?parent=5394"}],"curies":[{"name":"wp","href":"https:\/\/api.w.org\/{rel}","templated":true}]}}