{"id":6394,"date":"2025-07-25T16:05:25","date_gmt":"2025-07-25T14:05:25","guid":{"rendered":"https:\/\/pyromeral.com\/?page_id=6394"},"modified":"2025-07-25T16:13:09","modified_gmt":"2025-07-25T14:13:09","slug":"new-space","status":"publish","type":"page","link":"https:\/\/pyromeral.com\/fr\/new-space\/","title":{"rendered":"New Space"},"content":{"rendered":"\t\t<div data-elementor-type=\"wp-page\" data-elementor-id=\"6394\" class=\"elementor elementor-6394 elementor-6393\">\n\t\t\t\t\t\t<section class=\"elementor-section elementor-top-section elementor-element elementor-element-85ff81d elementor-section-boxed elementor-section-height-default elementor-section-height-default\" data-id=\"85ff81d\" data-element_type=\"section\">\n\t\t\t\t\t\t<div class=\"elementor-container elementor-column-gap-default\">\n\t\t\t\t\t<div class=\"elementor-column elementor-col-100 elementor-top-column elementor-element elementor-element-b871420\" data-id=\"b871420\" data-element_type=\"column\">\n\t\t\t<div class=\"elementor-widget-wrap elementor-element-populated\">\n\t\t\t\t\t\t<div class=\"elementor-element elementor-element-f7e1bb9 elementor-widget elementor-widget-spacer\" data-id=\"f7e1bb9\" data-element_type=\"widget\" data-widget_type=\"spacer.default\">\n\t\t\t\t<div class=\"elementor-widget-container\">\n\t\t\t\t\t<div class=\"elementor-spacer\">\n\t\t\t<div class=\"elementor-spacer-inner\"><\/div>\n\t\t<\/div>\n\t\t\t\t<\/div>\n\t\t\t\t<\/div>\n\t\t\t\t<div class=\"elementor-element elementor-element-0e12f08 aleft elementor-widget elementor-widget-wgl-double-headings\" data-id=\"0e12f08\" data-element_type=\"widget\" data-widget_type=\"wgl-double-headings.default\">\n\t\t\t\t<div class=\"elementor-widget-container\">\n\t\t\t<div class=\"wgl-double_heading\"><div class=\"dbl__subtitle\">Pyromeral<\/div><h2 class=\"dbl__title-wrapper\"><span class=\"dbl__title dbl__title_1\">New Space : <\/span><span class=\"dbl__title dbl__title_2\">Syst\u00e8mes de protection thermique l\u00e9gers pour la r\u00e9-entr\u00e9e atmosph\u00e9rique<\/span><\/h2><\/div>\t\t<\/div>\n\t\t\t\t<\/div>\n\t\t\t\t<div class=\"elementor-element elementor-element-9a575ac elementor-widget elementor-widget-text-editor\" data-id=\"9a575ac\" data-element_type=\"widget\" data-widget_type=\"text-editor.default\">\n\t\t\t\t<div class=\"elementor-widget-container\">\n\t\t\t\t\t\t\t<p>Le New Space constitue une avanc\u00e9e majeure en mati\u00e8re d\u2019accessibilit\u00e9 \u00e0 l\u2019espace. \u00a0Les acteurs institutionnels ne sont plus les seuls leaders du domaine. Des acteurs priv\u00e9s, ayant des d\u00e9marches de cycles de d\u00e9veloppements acc\u00e9l\u00e9r\u00e9s, mettent en \u0153uvre de nouveaux modes de conception alli\u00e9s \u00e0 l\u2019int\u00e9gration de technologies de pointe. Les v\u00e9hicules spatiaux peuvent d\u00e9sormais \u00eatre con\u00e7us rapidement et \u00e0 co\u00fbts limit\u00e9s.<\/p><p>Dans ce contexte, les syst\u00e8mes de protection thermique, en particulier les boucliers thermiques, deviennent essentiels d\u00e8s les premi\u00e8res phases de conception, notamment pour les v\u00e9hicules spatiaux r\u00e9utilisables.<\/p><p>La r\u00e9-entr\u00e9e atmosph\u00e9rique est l\u2019une des phases les plus d\u00e9licates des missions spatiales. Cela n\u00e9cessite des mat\u00e9riaux l\u00e9gers capables de supporter des charges thermom\u00e9caniques intenses tout en restant solides et int\u00e8gres.<\/p><p>Pour r\u00e9pondre \u00e0 ces exigences, le Pyroxide (un mat\u00e9riau composite \u00e0 matrice c\u00e9ramique de type oxyde-oxyde d\u00e9velopp\u00e9 par Pyromeral Systems) peut \u00eatre utilis\u00e9 comme bouclier thermique r\u00e9utilisable.<\/p><h3>Principaux avantages du Pyroxide pour les applications spatiales\u00a0:<\/h3><ul><li>L\u00e9g\u00e8ret\u00e9 (densit\u00e9 proche de celle de l\u2019aluminium), id\u00e9al pour remplacer les composants m\u00e9talliques dans les zones \u00e0 hautes temp\u00e9ratures.<ul><li><strong>Pyroxide\u00a0: 2.5 g\/cm<sup>3<\/sup><\/strong><\/li><li>Inconel\u00a0: 8.4 g\/cm<sup>3<\/sup><\/li><li>TZM\u00a0(alliage \u00e0 base de Molybd\u00e8ne) : 10.2 g\/cm<sup>3<\/sup><\/li><\/ul><\/li><\/ul><ul><li>R\u00e9sistance thermique jusqu\u2019\u00e0 1300\u00b0C (2400\u00b0F).<\/li><li>R\u00e9sistance m\u00e9canique \u00e0 haute temp\u00e9rature, gr\u00e2ce au maintien de la rigidit\u00e9, du module d\u2019\u00e9lasticit\u00e9 en temp\u00e9rature.<\/li><li>Proc\u00e9d\u00e9s de fabrication avanc\u00e9s, permettant la r\u00e9alisation de pi\u00e8ces a\u00e9rodynamiques complexes avec des techniques similaires au drapage des composites organiques. Ideal pour une production rapide et flexible.<\/li><\/ul><p>Ces caract\u00e9ristiques rendent le Pyroxide particuli\u00e8rement adapt\u00e9 aux composants a\u00e9rothermiques des v\u00e9hicules de r\u00e9-entr\u00e9e atmosph\u00e9rique, o\u00f9 la r\u00e9sistance thermique, la r\u00e9utilisation, la r\u00e9duction de poids et la ma\u00eetrise des co\u00fbts sont des priorit\u00e9s.<\/p><p>En tant que nouvelle g\u00e9n\u00e9ration de mat\u00e9riau composite c\u00e9ramique, le Pyroxide ouvre la voie \u00e0 l\u2019innovation dans les projets New Space. Des syst\u00e8mes de lancement r\u00e9utilisables aux capsules de r\u00e9-entr\u00e9e atmosph\u00e9rique, ce mat\u00e9riau correspond parfaitement aux exigences actuelles en mati\u00e8re de rapidit\u00e9, de performance et d\u2019un acc\u00e8s \u00e0 l\u2019espace \u00e0 tarif abordable.\u00a0<\/p>\t\t\t\t\t\t<\/div>\n\t\t\t\t<\/div>\n\t\t\t\t\t<\/div>\n\t\t<\/div>\n\t\t\t\t\t<\/div>\n\t\t<\/section>\n\t\t\t\t<section class=\"elementor-section elementor-top-section elementor-element elementor-element-37e30d3 elementor-section-full_width elementor-section-height-default elementor-section-height-default elementor-invisible\" data-id=\"37e30d3\" data-element_type=\"section\" data-settings=\"{&quot;background_background&quot;:&quot;classic&quot;,&quot;animation&quot;:&quot;fadeInLeft&quot;}\">\n\t\t\t\t\t\t\t<div class=\"elementor-background-overlay\"><\/div>\n\t\t\t\t\t\t\t<div class=\"elementor-container elementor-column-gap-default\">\n\t\t\t\t\t<div class=\"elementor-column elementor-col-100 elementor-top-column elementor-element elementor-element-324d4fc\" data-id=\"324d4fc\" data-element_type=\"column\">\n\t\t\t<div class=\"elementor-widget-wrap elementor-element-populated\">\n\t\t\t\t\t\t<div class=\"elementor-element elementor-element-5ec63eb elementor-widget elementor-widget-image-carousel\" data-id=\"5ec63eb\" data-element_type=\"widget\" data-settings=\"{&quot;navigation&quot;:&quot;none&quot;,&quot;slides_to_show&quot;:&quot;2&quot;,&quot;autoplay&quot;:&quot;yes&quot;,&quot;pause_on_hover&quot;:&quot;yes&quot;,&quot;pause_on_interaction&quot;:&quot;yes&quot;,&quot;autoplay_speed&quot;:5000,&quot;infinite&quot;:&quot;yes&quot;,&quot;speed&quot;:500}\" data-widget_type=\"image-carousel.default\">\n\t\t\t\t<div class=\"elementor-widget-container\">\n\t\t\t\t\t<div class=\"elementor-image-carousel-wrapper swiper\" dir=\"ltr\">\n\t\t\t<div class=\"elementor-image-carousel swiper-wrapper\" aria-live=\"off\">\n\t\t\t\t\t\t\t\t<div class=\"swiper-slide\" role=\"group\" aria-roledescription=\"slide\" aria-label=\"1 sur 2\"><figure class=\"swiper-slide-inner\"><img decoding=\"async\" class=\"swiper-slide-image\" src=\"https:\/\/pyromeral.com\/wp-content\/uploads\/2025\/07\/re-entry-in-the-new-space-era-1.webp\" alt=\"re-entry-in-the-new-space-era.webp\" \/><\/figure><\/div><div class=\"swiper-slide\" role=\"group\" aria-roledescription=\"slide\" aria-label=\"2 sur 2\"><figure class=\"swiper-slide-inner\"><img decoding=\"async\" class=\"swiper-slide-image\" src=\"https:\/\/pyromeral.com\/wp-content\/uploads\/2025\/07\/Re-Entry-1.webp\" alt=\"Re-Entry.webp\" \/><\/figure><\/div>\t\t\t<\/div>\n\t\t\t\t\t\t\t\n\t\t\t\t\t\t\t\t\t<\/div>\n\t\t\t\t<\/div>\n\t\t\t\t<\/div>\n\t\t\t\t<div class=\"elementor-element elementor-element-2f50928 elementor-widget elementor-widget-spacer\" data-id=\"2f50928\" data-element_type=\"widget\" data-widget_type=\"spacer.default\">\n\t\t\t\t<div class=\"elementor-widget-container\">\n\t\t\t\t\t<div class=\"elementor-spacer\">\n\t\t\t<div class=\"elementor-spacer-inner\"><\/div>\n\t\t<\/div>\n\t\t\t\t<\/div>\n\t\t\t\t<\/div>\n\t\t\t\t<section class=\"elementor-section elementor-inner-section elementor-element elementor-element-85bc11e elementor-section-boxed elementor-section-height-default elementor-section-height-default\" data-id=\"85bc11e\" data-element_type=\"section\">\n\t\t\t\t\t\t<div class=\"elementor-container elementor-column-gap-default\">\n\t\t\t\t\t<div class=\"elementor-column elementor-col-33 elementor-inner-column elementor-element elementor-element-edb1ca8\" data-id=\"edb1ca8\" data-element_type=\"column\">\n\t\t\t<div class=\"elementor-widget-wrap elementor-element-populated\">\n\t\t\t\t\t\t<div class=\"elementor-element elementor-element-d439d97 elementor-widget__width-initial aleft elementor-widget elementor-widget-wgl-double-headings\" data-id=\"d439d97\" data-element_type=\"widget\" data-widget_type=\"wgl-double-headings.default\">\n\t\t\t\t<div class=\"elementor-widget-container\">\n\t\t\t<div class=\"wgl-double_heading\"><h3 class=\"dbl__title-wrapper\"><span class=\"dbl__title dbl__title_1\">Contactez-nous<\/span><\/h3><\/div>\t\t<\/div>\n\t\t\t\t<\/div>\n\t\t\t\t<div class=\"elementor-element elementor-element-9c375f4 elementor-widget elementor-widget-text-editor\" data-id=\"9c375f4\" data-element_type=\"widget\" data-widget_type=\"text-editor.default\">\n\t\t\t\t<div class=\"elementor-widget-container\">\n\t\t\t\t\t\t\t<p><span>Gr\u00e2ce \u00e0 notre expertise dans la fabrication de pi\u00e8ces en mat\u00e9riaux composites \u00e0 haute temp\u00e9rature, nous sommes bien positionn\u00e9s pour aider nos clients \u00e0 satisfaire rapidement et efficacement leurs projets.<\/span><\/p>\t\t\t\t\t\t<\/div>\n\t\t\t\t<\/div>\n\t\t\t\t\t<\/div>\n\t\t<\/div>\n\t\t\t\t<div class=\"elementor-column elementor-col-66 elementor-inner-column elementor-element elementor-element-eb82eb4\" data-id=\"eb82eb4\" data-element_type=\"column\">\n\t\t\t<div class=\"elementor-widget-wrap elementor-element-populated\">\n\t\t\t\t\t\t<div class=\"elementor-element elementor-element-31b0b08 elementor-widget elementor-widget-spacer\" data-id=\"31b0b08\" data-element_type=\"widget\" data-widget_type=\"spacer.default\">\n\t\t\t\t<div class=\"elementor-widget-container\">\n\t\t\t\t\t<div class=\"elementor-spacer\">\n\t\t\t<div class=\"elementor-spacer-inner\"><\/div>\n\t\t<\/div>\n\t\t\t\t<\/div>\n\t\t\t\t<\/div>\n\t\t\t\t<div class=\"elementor-element elementor-element-6b79616 acenter elementor-widget elementor-widget-wgl-button\" data-id=\"6b79616\" data-element_type=\"widget\" data-widget_type=\"wgl-button.default\">\n\t\t\t\t<div class=\"elementor-widget-container\">\n\t\t\t<div class=\"button-wrapper\"><a  class=\"wgl-button btn-size-md \" role=\"button\" href=\"#\"><div class=\"button-content-wrapper \"><span class=\"wgl-button-text\">nous contacter<\/span><\/div><\/a><\/div>\t\t<\/div>\n\t\t\t\t<\/div>\n\t\t\t\t\t<\/div>\n\t\t<\/div>\n\t\t\t\t\t<\/div>\n\t\t<\/section>\n\t\t\t\t<div class=\"elementor-element elementor-element-7d7adc4 elementor-widget elementor-widget-spacer\" data-id=\"7d7adc4\" data-element_type=\"widget\" data-widget_type=\"spacer.default\">\n\t\t\t\t<div class=\"elementor-widget-container\">\n\t\t\t\t\t<div class=\"elementor-spacer\">\n\t\t\t<div class=\"elementor-spacer-inner\"><\/div>\n\t\t<\/div>\n\t\t\t\t<\/div>\n\t\t\t\t<\/div>\n\t\t\t\t\t<\/div>\n\t\t<\/div>\n\t\t\t\t\t<\/div>\n\t\t<\/section>\n\t\t\t\t<\/div>\n\t\t","protected":false},"excerpt":{"rendered":"<p>Pyromeral New Space : Syst\u00e8mes de protection thermique l\u00e9gers pour la r\u00e9-entr\u00e9e atmosph\u00e9rique Le New Space constitue une avanc\u00e9e majeure en mati\u00e8re d\u2019accessibilit\u00e9 \u00e0 l\u2019espace. \u00a0Les acteurs institutionnels ne sont plus les seuls leaders du domaine. Des acteurs priv\u00e9s, ayant des d\u00e9marches de cycles de d\u00e9veloppements acc\u00e9l\u00e9r\u00e9s, mettent en \u0153uvre de nouveaux modes de conception [&hellip;]<\/p>\n","protected":false},"author":4,"featured_media":0,"parent":0,"menu_order":0,"comment_status":"closed","ping_status":"closed","template":"","meta":{"footnotes":""},"class_list":["post-6394","page","type-page","status-publish","hentry"],"yoast_head":"<!-- This site is optimized with the Yoast SEO plugin v27.5 - https:\/\/yoast.com\/product\/yoast-seo-wordpress\/ -->\n<title>New Space - Pyromeral<\/title>\n<meta name=\"robots\" content=\"index, follow, max-snippet:-1, max-image-preview:large, max-video-preview:-1\" \/>\n<link rel=\"canonical\" href=\"https:\/\/pyromeral.com\/fr\/new-space\/\" \/>\n<meta property=\"og:locale\" content=\"fr_FR\" \/>\n<meta property=\"og:type\" content=\"article\" \/>\n<meta property=\"og:title\" content=\"New Space - Pyromeral\" \/>\n<meta property=\"og:description\" content=\"Pyromeral New Space : Syst\u00e8mes de protection thermique l\u00e9gers pour la r\u00e9-entr\u00e9e atmosph\u00e9rique Le New Space constitue une avanc\u00e9e majeure en mati\u00e8re d\u2019accessibilit\u00e9 \u00e0 l\u2019espace. \u00a0Les acteurs institutionnels ne sont plus les seuls leaders du domaine. Des acteurs priv\u00e9s, ayant des d\u00e9marches de cycles de d\u00e9veloppements acc\u00e9l\u00e9r\u00e9s, mettent en \u0153uvre de nouveaux modes de conception [&hellip;]\" \/>\n<meta property=\"og:url\" content=\"https:\/\/pyromeral.com\/fr\/new-space\/\" \/>\n<meta property=\"og:site_name\" content=\"Pyromeral\" \/>\n<meta property=\"article:modified_time\" content=\"2025-07-25T14:13:09+00:00\" \/>\n<meta property=\"og:image\" content=\"https:\/\/pyromeral.com\/wp-content\/uploads\/2025\/07\/re-entry-in-the-new-space-era-1.webp\" \/>\n<meta name=\"twitter:card\" content=\"summary_large_image\" \/>\n<meta name=\"twitter:label1\" content=\"Dur\u00e9e de lecture estim\u00e9e\" \/>\n\t<meta name=\"twitter:data1\" content=\"4 minutes\" \/>\n<script type=\"application\/ld+json\" class=\"yoast-schema-graph\">{\"@context\":\"https:\\\/\\\/schema.org\",\"@graph\":[{\"@type\":\"WebPage\",\"@id\":\"https:\\\/\\\/pyromeral.com\\\/fr\\\/new-space\\\/\",\"url\":\"https:\\\/\\\/pyromeral.com\\\/fr\\\/new-space\\\/\",\"name\":\"New Space - Pyromeral\",\"isPartOf\":{\"@id\":\"https:\\\/\\\/pyromeral.com\\\/fr\\\/#website\"},\"primaryImageOfPage\":{\"@id\":\"https:\\\/\\\/pyromeral.com\\\/fr\\\/new-space\\\/#primaryimage\"},\"image\":{\"@id\":\"https:\\\/\\\/pyromeral.com\\\/fr\\\/new-space\\\/#primaryimage\"},\"thumbnailUrl\":\"https:\\\/\\\/pyromeral.com\\\/wp-content\\\/uploads\\\/2025\\\/07\\\/re-entry-in-the-new-space-era-1.webp\",\"datePublished\":\"2025-07-25T14:05:25+00:00\",\"dateModified\":\"2025-07-25T14:13:09+00:00\",\"breadcrumb\":{\"@id\":\"https:\\\/\\\/pyromeral.com\\\/fr\\\/new-space\\\/#breadcrumb\"},\"inLanguage\":\"fr-FR\",\"potentialAction\":[{\"@type\":\"ReadAction\",\"target\":[\"https:\\\/\\\/pyromeral.com\\\/fr\\\/new-space\\\/\"]}]},{\"@type\":\"ImageObject\",\"inLanguage\":\"fr-FR\",\"@id\":\"https:\\\/\\\/pyromeral.com\\\/fr\\\/new-space\\\/#primaryimage\",\"url\":\"https:\\\/\\\/pyromeral.com\\\/wp-content\\\/uploads\\\/2025\\\/07\\\/re-entry-in-the-new-space-era-1.webp\",\"contentUrl\":\"https:\\\/\\\/pyromeral.com\\\/wp-content\\\/uploads\\\/2025\\\/07\\\/re-entry-in-the-new-space-era-1.webp\"},{\"@type\":\"BreadcrumbList\",\"@id\":\"https:\\\/\\\/pyromeral.com\\\/fr\\\/new-space\\\/#breadcrumb\",\"itemListElement\":[{\"@type\":\"ListItem\",\"position\":1,\"name\":\"Accueil\",\"item\":\"https:\\\/\\\/pyromeral.com\\\/fr\\\/\"},{\"@type\":\"ListItem\",\"position\":2,\"name\":\"New Space\"}]},{\"@type\":\"WebSite\",\"@id\":\"https:\\\/\\\/pyromeral.com\\\/fr\\\/#website\",\"url\":\"https:\\\/\\\/pyromeral.com\\\/fr\\\/\",\"name\":\"Pyromeral\",\"description\":\"\",\"publisher\":{\"@id\":\"https:\\\/\\\/pyromeral.com\\\/fr\\\/#organization\"},\"potentialAction\":[{\"@type\":\"SearchAction\",\"target\":{\"@type\":\"EntryPoint\",\"urlTemplate\":\"https:\\\/\\\/pyromeral.com\\\/fr\\\/?s={search_term_string}\"},\"query-input\":{\"@type\":\"PropertyValueSpecification\",\"valueRequired\":true,\"valueName\":\"search_term_string\"}}],\"inLanguage\":\"fr-FR\"},{\"@type\":\"Organization\",\"@id\":\"https:\\\/\\\/pyromeral.com\\\/fr\\\/#organization\",\"name\":\"Pyromeral\",\"url\":\"https:\\\/\\\/pyromeral.com\\\/fr\\\/\",\"logo\":{\"@type\":\"ImageObject\",\"inLanguage\":\"fr-FR\",\"@id\":\"https:\\\/\\\/pyromeral.com\\\/fr\\\/#\\\/schema\\\/logo\\\/image\\\/\",\"url\":\"https:\\\/\\\/pyromeral.com\\\/wp-content\\\/uploads\\\/2021\\\/06\\\/logo.png\",\"contentUrl\":\"https:\\\/\\\/pyromeral.com\\\/wp-content\\\/uploads\\\/2021\\\/06\\\/logo.png\",\"width\":420,\"height\":150,\"caption\":\"Pyromeral\"},\"image\":{\"@id\":\"https:\\\/\\\/pyromeral.com\\\/fr\\\/#\\\/schema\\\/logo\\\/image\\\/\"}}]}<\/script>\n<!-- \/ Yoast SEO plugin. -->","yoast_head_json":{"title":"New Space - Pyromeral","robots":{"index":"index","follow":"follow","max-snippet":"max-snippet:-1","max-image-preview":"max-image-preview:large","max-video-preview":"max-video-preview:-1"},"canonical":"https:\/\/pyromeral.com\/fr\/new-space\/","og_locale":"fr_FR","og_type":"article","og_title":"New Space - Pyromeral","og_description":"Pyromeral New Space : Syst\u00e8mes de protection thermique l\u00e9gers pour la r\u00e9-entr\u00e9e atmosph\u00e9rique Le New Space constitue une avanc\u00e9e majeure en mati\u00e8re d\u2019accessibilit\u00e9 \u00e0 l\u2019espace. \u00a0Les acteurs institutionnels ne sont plus les seuls leaders du domaine. Des acteurs priv\u00e9s, ayant des d\u00e9marches de cycles de d\u00e9veloppements acc\u00e9l\u00e9r\u00e9s, mettent en \u0153uvre de nouveaux modes de conception [&hellip;]","og_url":"https:\/\/pyromeral.com\/fr\/new-space\/","og_site_name":"Pyromeral","article_modified_time":"2025-07-25T14:13:09+00:00","og_image":[{"url":"https:\/\/pyromeral.com\/wp-content\/uploads\/2025\/07\/re-entry-in-the-new-space-era-1.webp","type":"","width":"","height":""}],"twitter_card":"summary_large_image","twitter_misc":{"Dur\u00e9e de lecture estim\u00e9e":"4 minutes"},"schema":{"@context":"https:\/\/schema.org","@graph":[{"@type":"WebPage","@id":"https:\/\/pyromeral.com\/fr\/new-space\/","url":"https:\/\/pyromeral.com\/fr\/new-space\/","name":"New Space - Pyromeral","isPartOf":{"@id":"https:\/\/pyromeral.com\/fr\/#website"},"primaryImageOfPage":{"@id":"https:\/\/pyromeral.com\/fr\/new-space\/#primaryimage"},"image":{"@id":"https:\/\/pyromeral.com\/fr\/new-space\/#primaryimage"},"thumbnailUrl":"https:\/\/pyromeral.com\/wp-content\/uploads\/2025\/07\/re-entry-in-the-new-space-era-1.webp","datePublished":"2025-07-25T14:05:25+00:00","dateModified":"2025-07-25T14:13:09+00:00","breadcrumb":{"@id":"https:\/\/pyromeral.com\/fr\/new-space\/#breadcrumb"},"inLanguage":"fr-FR","potentialAction":[{"@type":"ReadAction","target":["https:\/\/pyromeral.com\/fr\/new-space\/"]}]},{"@type":"ImageObject","inLanguage":"fr-FR","@id":"https:\/\/pyromeral.com\/fr\/new-space\/#primaryimage","url":"https:\/\/pyromeral.com\/wp-content\/uploads\/2025\/07\/re-entry-in-the-new-space-era-1.webp","contentUrl":"https:\/\/pyromeral.com\/wp-content\/uploads\/2025\/07\/re-entry-in-the-new-space-era-1.webp"},{"@type":"BreadcrumbList","@id":"https:\/\/pyromeral.com\/fr\/new-space\/#breadcrumb","itemListElement":[{"@type":"ListItem","position":1,"name":"Accueil","item":"https:\/\/pyromeral.com\/fr\/"},{"@type":"ListItem","position":2,"name":"New Space"}]},{"@type":"WebSite","@id":"https:\/\/pyromeral.com\/fr\/#website","url":"https:\/\/pyromeral.com\/fr\/","name":"Pyromeral","description":"","publisher":{"@id":"https:\/\/pyromeral.com\/fr\/#organization"},"potentialAction":[{"@type":"SearchAction","target":{"@type":"EntryPoint","urlTemplate":"https:\/\/pyromeral.com\/fr\/?s={search_term_string}"},"query-input":{"@type":"PropertyValueSpecification","valueRequired":true,"valueName":"search_term_string"}}],"inLanguage":"fr-FR"},{"@type":"Organization","@id":"https:\/\/pyromeral.com\/fr\/#organization","name":"Pyromeral","url":"https:\/\/pyromeral.com\/fr\/","logo":{"@type":"ImageObject","inLanguage":"fr-FR","@id":"https:\/\/pyromeral.com\/fr\/#\/schema\/logo\/image\/","url":"https:\/\/pyromeral.com\/wp-content\/uploads\/2021\/06\/logo.png","contentUrl":"https:\/\/pyromeral.com\/wp-content\/uploads\/2021\/06\/logo.png","width":420,"height":150,"caption":"Pyromeral"},"image":{"@id":"https:\/\/pyromeral.com\/fr\/#\/schema\/logo\/image\/"}}]}},"_links":{"self":[{"href":"https:\/\/pyromeral.com\/fr\/wp-json\/wp\/v2\/pages\/6394","targetHints":{"allow":["GET"]}}],"collection":[{"href":"https:\/\/pyromeral.com\/fr\/wp-json\/wp\/v2\/pages"}],"about":[{"href":"https:\/\/pyromeral.com\/fr\/wp-json\/wp\/v2\/types\/page"}],"author":[{"embeddable":true,"href":"https:\/\/pyromeral.com\/fr\/wp-json\/wp\/v2\/users\/4"}],"replies":[{"embeddable":true,"href":"https:\/\/pyromeral.com\/fr\/wp-json\/wp\/v2\/comments?post=6394"}],"version-history":[{"count":11,"href":"https:\/\/pyromeral.com\/fr\/wp-json\/wp\/v2\/pages\/6394\/revisions"}],"predecessor-version":[{"id":6431,"href":"https:\/\/pyromeral.com\/fr\/wp-json\/wp\/v2\/pages\/6394\/revisions\/6431"}],"wp:attachment":[{"href":"https:\/\/pyromeral.com\/fr\/wp-json\/wp\/v2\/media?parent=6394"}],"curies":[{"name":"wp","href":"https:\/\/api.w.org\/{rel}","templated":true}]}}