{"id":6457,"date":"2026-02-02T10:51:36","date_gmt":"2026-02-02T09:51:36","guid":{"rendered":"https:\/\/pyromeral.com\/?page_id=6457"},"modified":"2026-02-02T11:09:27","modified_gmt":"2026-02-02T10:09:27","slug":"fiches-produits","status":"publish","type":"page","link":"https:\/\/pyromeral.com\/fr\/fiches-produits\/","title":{"rendered":"Fiches produits"},"content":{"rendered":"\t\t<div data-elementor-type=\"wp-page\" data-elementor-id=\"6457\" class=\"elementor elementor-6457\">\n\t\t\t\t\t\t<section class=\"elementor-section elementor-top-section elementor-element elementor-element-944add7 elementor-section-boxed elementor-section-height-default elementor-section-height-default\" data-id=\"944add7\" data-element_type=\"section\">\n\t\t\t\t\t\t<div class=\"elementor-container elementor-column-gap-default\">\n\t\t\t\t\t<div class=\"elementor-column elementor-col-100 elementor-top-column elementor-element elementor-element-76c96f3\" data-id=\"76c96f3\" data-element_type=\"column\">\n\t\t\t<div class=\"elementor-widget-wrap elementor-element-populated\">\n\t\t\t\t\t\t<div class=\"elementor-element elementor-element-404e789 elementor-widget elementor-widget-spacer\" data-id=\"404e789\" data-element_type=\"widget\" data-widget_type=\"spacer.default\">\n\t\t\t\t<div class=\"elementor-widget-container\">\n\t\t\t\t\t<div class=\"elementor-spacer\">\n\t\t\t<div class=\"elementor-spacer-inner\"><\/div>\n\t\t<\/div>\n\t\t\t\t<\/div>\n\t\t\t\t<\/div>\n\t\t\t\t<div class=\"elementor-element elementor-element-83a2ff7 elementor-widget elementor-widget-text-editor\" data-id=\"83a2ff7\" data-element_type=\"widget\" data-widget_type=\"text-editor.default\">\n\t\t\t\t<div class=\"elementor-widget-container\">\n\t\t\t\t\t\t\t<p>Les mat\u00e9riaux Pyromeral sont con\u00e7us pour r\u00e9sister aux flammes et aux temp\u00e9ratures extr\u00eames, r\u00e9pondant aux exigences les plus strictes des applications \u00e0 haute temp\u00e9rature :<\/p>\t\t\t\t\t\t<\/div>\n\t\t\t\t<\/div>\n\t\t\t\t<div class=\"elementor-element elementor-element-ae4a78f elementor-widget elementor-widget-text-editor\" data-id=\"ae4a78f\" data-element_type=\"widget\" data-widget_type=\"text-editor.default\">\n\t\t\t\t<div class=\"elementor-widget-container\">\n\t\t\t\t\t\t\t<ul><li>Le <strong>Pyrokarb<\/strong> associe une fibre de carbone \u00e0 une r\u00e9sine Pyromeral, offrant une solution l\u00e9g\u00e8re, id\u00e9ale pour la r\u00e9sistance aux feux et \u00e0 l\u2019emballement thermique des batteries.<\/li><li>Le <strong>Pyrosic<\/strong>, compos\u00e9 de fibres en carbure de silicium et de r\u00e9sine Pyromeral, se distingue par sa robustesse et sa stabilit\u00e9 thermique, jusqu\u2019\u00e0 800\u00b0C (1000\u00b0C en pointe).<\/li><li>Le <strong>Pyroxide<\/strong>, bas\u00e9 sur des fibres oxydes et de r\u00e9sine Pyromeral, garantit une r\u00e9sistance maximale aux environnements les plus extr\u00eames jusqu\u2019\u00e0 1200\u00b0C (1500\u00b0C en pointe).<\/li><\/ul><p>Ces mat\u00e9riaux allient l\u00e9g\u00e8ret\u00e9, performance, fiabilit\u00e9 et durabilit\u00e9.<\/p>\t\t\t\t\t\t<\/div>\n\t\t\t\t<\/div>\n\t\t\t\t\t<\/div>\n\t\t<\/div>\n\t\t\t\t\t<\/div>\n\t\t<\/section>\n\t\t\t\t<section class=\"elementor-section elementor-top-section elementor-element elementor-element-cc7c482 elementor-section-content-middle elementor-section-boxed elementor-section-height-default elementor-section-height-default\" data-id=\"cc7c482\" data-element_type=\"section\" data-settings=\"{&quot;background_background&quot;:&quot;classic&quot;}\">\n\t\t\t\t\t\t\t<div class=\"elementor-background-overlay\"><\/div>\n\t\t\t\t\t\t\t<div class=\"elementor-container elementor-column-gap-custom\">\n\t\t\t\t\t<div class=\"elementor-column elementor-col-50 elementor-top-column elementor-element elementor-element-c77c193\" data-id=\"c77c193\" data-element_type=\"column\">\n\t\t\t<div class=\"elementor-widget-wrap elementor-element-populated\">\n\t\t\t\t\t\t<div class=\"elementor-element elementor-element-3374886 aleft elementor-widget elementor-widget-wgl-double-headings\" data-id=\"3374886\" data-element_type=\"widget\" data-widget_type=\"wgl-double-headings.default\">\n\t\t\t\t<div class=\"elementor-widget-container\">\n\t\t\t<div class=\"wgl-double_heading\"><h3 class=\"dbl__title-wrapper\"><span class=\"dbl__title dbl__title_1\">Fiches techniques d\u00e9taill\u00e9es de nos mat\u00e9riaux<\/span><\/h3><\/div>\t\t<\/div>\n\t\t\t\t<\/div>\n\t\t\t\t\t<\/div>\n\t\t<\/div>\n\t\t\t\t<div class=\"elementor-column elementor-col-50 elementor-top-column elementor-element elementor-element-1f7a792\" data-id=\"1f7a792\" data-element_type=\"column\">\n\t\t\t<div class=\"elementor-widget-wrap elementor-element-populated\">\n\t\t\t\t\t\t<div class=\"elementor-element elementor-element-c264e37 elementor-icon-list--layout-traditional elementor-list-item-link-full_width elementor-widget elementor-widget-icon-list\" data-id=\"c264e37\" data-element_type=\"widget\" data-widget_type=\"icon-list.default\">\n\t\t\t\t<div class=\"elementor-widget-container\">\n\t\t\t\t\t<ul class=\"elementor-icon-list-items\">\n\t\t\t\t\t\t\t<li class=\"elementor-icon-list-item\">\n\t\t\t\t\t\t\t\t\t\t\t<a href=\"https:\/\/pyromeral.com\/wp-content\/uploads\/2026\/02\/PyroKarb-2025_compressed.pdf\" target=\"_blank\">\n\n\t\t\t\t\t\t\t\t\t\t\t\t<span class=\"elementor-icon-list-icon\">\n\t\t\t\t\t\t\t<i aria-hidden=\"true\" class=\"fas fa-file-pdf\"><\/i>\t\t\t\t\t\t<\/span>\n\t\t\t\t\t\t\t\t\t\t<span class=\"elementor-icon-list-text\">Pyrokarb<\/span>\n\t\t\t\t\t\t\t\t\t\t\t<\/a>\n\t\t\t\t\t\t\t\t\t<\/li>\n\t\t\t\t\t\t\t\t<li class=\"elementor-icon-list-item\">\n\t\t\t\t\t\t\t\t\t\t\t<a href=\"https:\/\/pyromeral.com\/wp-content\/uploads\/2026\/02\/PyroSic-2025_compressed.pdf\" target=\"_blank\">\n\n\t\t\t\t\t\t\t\t\t\t\t\t<span class=\"elementor-icon-list-icon\">\n\t\t\t\t\t\t\t<i aria-hidden=\"true\" class=\"fas fa-file-pdf\"><\/i>\t\t\t\t\t\t<\/span>\n\t\t\t\t\t\t\t\t\t\t<span class=\"elementor-icon-list-text\">Pyrosic<\/span>\n\t\t\t\t\t\t\t\t\t\t\t<\/a>\n\t\t\t\t\t\t\t\t\t<\/li>\n\t\t\t\t\t\t\t\t<li class=\"elementor-icon-list-item\">\n\t\t\t\t\t\t\t\t\t\t\t<a href=\"https:\/\/pyromeral.com\/wp-content\/uploads\/2026\/02\/PyroXide-2025_compressed.pdf\" target=\"_blank\">\n\n\t\t\t\t\t\t\t\t\t\t\t\t<span class=\"elementor-icon-list-icon\">\n\t\t\t\t\t\t\t<i aria-hidden=\"true\" class=\"fas fa-file-pdf\"><\/i>\t\t\t\t\t\t<\/span>\n\t\t\t\t\t\t\t\t\t\t<span class=\"elementor-icon-list-text\">Pyroxide<\/span>\n\t\t\t\t\t\t\t\t\t\t\t<\/a>\n\t\t\t\t\t\t\t\t\t<\/li>\n\t\t\t\t\t\t<\/ul>\n\t\t\t\t<\/div>\n\t\t\t\t<\/div>\n\t\t\t\t\t<\/div>\n\t\t<\/div>\n\t\t\t\t\t<\/div>\n\t\t<\/section>\n\t\t\t\t<section class=\"elementor-section elementor-top-section elementor-element elementor-element-55f8fdd elementor-section-full_width elementor-section-height-default elementor-section-height-default elementor-invisible\" data-id=\"55f8fdd\" data-element_type=\"section\" data-settings=\"{&quot;background_background&quot;:&quot;classic&quot;,&quot;animation&quot;:&quot;fadeInLeft&quot;}\">\n\t\t\t\t\t\t\t<div class=\"elementor-background-overlay\"><\/div>\n\t\t\t\t\t\t\t<div class=\"elementor-container elementor-column-gap-default\">\n\t\t\t\t\t<div class=\"elementor-column elementor-col-100 elementor-top-column elementor-element elementor-element-ca262e3\" data-id=\"ca262e3\" data-element_type=\"column\">\n\t\t\t<div class=\"elementor-widget-wrap elementor-element-populated\">\n\t\t\t\t\t\t<div class=\"elementor-element elementor-element-cc25a8a elementor-widget elementor-widget-spacer\" data-id=\"cc25a8a\" data-element_type=\"widget\" data-widget_type=\"spacer.default\">\n\t\t\t\t<div class=\"elementor-widget-container\">\n\t\t\t\t\t<div class=\"elementor-spacer\">\n\t\t\t<div class=\"elementor-spacer-inner\"><\/div>\n\t\t<\/div>\n\t\t\t\t<\/div>\n\t\t\t\t<\/div>\n\t\t\t\t<section class=\"elementor-section elementor-inner-section elementor-element elementor-element-0653860 elementor-section-boxed elementor-section-height-default elementor-section-height-default\" data-id=\"0653860\" data-element_type=\"section\">\n\t\t\t\t\t\t<div class=\"elementor-container elementor-column-gap-default\">\n\t\t\t\t\t<div class=\"elementor-column elementor-col-33 elementor-inner-column elementor-element elementor-element-41252b1\" data-id=\"41252b1\" data-element_type=\"column\">\n\t\t\t<div class=\"elementor-widget-wrap elementor-element-populated\">\n\t\t\t\t\t\t<div class=\"elementor-element elementor-element-98d967b elementor-widget__width-initial aleft elementor-widget elementor-widget-wgl-double-headings\" data-id=\"98d967b\" data-element_type=\"widget\" data-widget_type=\"wgl-double-headings.default\">\n\t\t\t\t<div class=\"elementor-widget-container\">\n\t\t\t<div class=\"wgl-double_heading\"><h3 class=\"dbl__title-wrapper\"><span class=\"dbl__title dbl__title_1\">Contactez-nous<\/span><\/h3><\/div>\t\t<\/div>\n\t\t\t\t<\/div>\n\t\t\t\t<div class=\"elementor-element elementor-element-6583597 elementor-widget elementor-widget-text-editor\" data-id=\"6583597\" data-element_type=\"widget\" data-widget_type=\"text-editor.default\">\n\t\t\t\t<div class=\"elementor-widget-container\">\n\t\t\t\t\t\t\t<p><span>Gr\u00e2ce \u00e0 notre expertise dans la fabrication de pi\u00e8ces en mat\u00e9riaux composites \u00e0 haute temp\u00e9rature, nous sommes bien positionn\u00e9s pour aider nos clients \u00e0 satisfaire rapidement et efficacement leurs projets.<\/span><\/p>\t\t\t\t\t\t<\/div>\n\t\t\t\t<\/div>\n\t\t\t\t\t<\/div>\n\t\t<\/div>\n\t\t\t\t<div class=\"elementor-column elementor-col-66 elementor-inner-column elementor-element elementor-element-2aa7e7a\" data-id=\"2aa7e7a\" data-element_type=\"column\">\n\t\t\t<div class=\"elementor-widget-wrap elementor-element-populated\">\n\t\t\t\t\t\t<div class=\"elementor-element elementor-element-04aaa89 elementor-widget elementor-widget-spacer\" data-id=\"04aaa89\" data-element_type=\"widget\" data-widget_type=\"spacer.default\">\n\t\t\t\t<div class=\"elementor-widget-container\">\n\t\t\t\t\t<div class=\"elementor-spacer\">\n\t\t\t<div class=\"elementor-spacer-inner\"><\/div>\n\t\t<\/div>\n\t\t\t\t<\/div>\n\t\t\t\t<\/div>\n\t\t\t\t<div class=\"elementor-element elementor-element-568c54f acenter elementor-widget elementor-widget-wgl-button\" data-id=\"568c54f\" data-element_type=\"widget\" data-widget_type=\"wgl-button.default\">\n\t\t\t\t<div class=\"elementor-widget-container\">\n\t\t\t<div class=\"button-wrapper\"><a  class=\"wgl-button btn-size-md \" role=\"button\" href=\"https:\/\/pyromeral.com\/fr\/contact\/\"><div class=\"button-content-wrapper \"><span class=\"wgl-button-text\">nous contacter<\/span><\/div><\/a><\/div>\t\t<\/div>\n\t\t\t\t<\/div>\n\t\t\t\t\t<\/div>\n\t\t<\/div>\n\t\t\t\t\t<\/div>\n\t\t<\/section>\n\t\t\t\t<div class=\"elementor-element elementor-element-3ce97ad elementor-widget elementor-widget-spacer\" data-id=\"3ce97ad\" data-element_type=\"widget\" data-widget_type=\"spacer.default\">\n\t\t\t\t<div class=\"elementor-widget-container\">\n\t\t\t\t\t<div class=\"elementor-spacer\">\n\t\t\t<div class=\"elementor-spacer-inner\"><\/div>\n\t\t<\/div>\n\t\t\t\t<\/div>\n\t\t\t\t<\/div>\n\t\t\t\t\t<\/div>\n\t\t<\/div>\n\t\t\t\t\t<\/div>\n\t\t<\/section>\n\t\t\t\t<\/div>\n\t\t","protected":false},"excerpt":{"rendered":"<p>Les mat\u00e9riaux Pyromeral sont con\u00e7us pour r\u00e9sister aux flammes et aux temp\u00e9ratures extr\u00eames, r\u00e9pondant aux exigences les plus strictes des applications \u00e0 haute temp\u00e9rature : Le Pyrokarb associe une fibre de carbone \u00e0 une r\u00e9sine Pyromeral, offrant une solution l\u00e9g\u00e8re, id\u00e9ale pour la r\u00e9sistance aux feux et \u00e0 l\u2019emballement thermique des batteries. Le Pyrosic, compos\u00e9 [&hellip;]<\/p>\n","protected":false},"author":4,"featured_media":0,"parent":0,"menu_order":0,"comment_status":"closed","ping_status":"closed","template":"","meta":{"footnotes":""},"class_list":["post-6457","page","type-page","status-publish","hentry"],"yoast_head":"<!-- This site is optimized with the Yoast SEO plugin v27.5 - https:\/\/yoast.com\/product\/yoast-seo-wordpress\/ -->\n<title>Fiches produits - Pyromeral<\/title>\n<meta name=\"robots\" content=\"index, follow, max-snippet:-1, max-image-preview:large, max-video-preview:-1\" \/>\n<link rel=\"canonical\" href=\"https:\/\/pyromeral.com\/fr\/fiches-produits\/\" \/>\n<meta property=\"og:locale\" content=\"fr_FR\" \/>\n<meta property=\"og:type\" content=\"article\" \/>\n<meta property=\"og:title\" content=\"Fiches produits - Pyromeral\" \/>\n<meta property=\"og:description\" content=\"Les mat\u00e9riaux Pyromeral sont con\u00e7us pour r\u00e9sister aux flammes et aux temp\u00e9ratures extr\u00eames, r\u00e9pondant aux exigences les plus strictes des applications \u00e0 haute temp\u00e9rature : Le Pyrokarb associe une fibre de carbone \u00e0 une r\u00e9sine Pyromeral, offrant une solution l\u00e9g\u00e8re, id\u00e9ale pour la r\u00e9sistance aux feux et \u00e0 l\u2019emballement thermique des batteries. Le Pyrosic, compos\u00e9 [&hellip;]\" \/>\n<meta property=\"og:url\" content=\"https:\/\/pyromeral.com\/fr\/fiches-produits\/\" \/>\n<meta property=\"og:site_name\" content=\"Pyromeral\" \/>\n<meta property=\"article:modified_time\" content=\"2026-02-02T10:09:27+00:00\" \/>\n<meta name=\"twitter:card\" content=\"summary_large_image\" \/>\n<meta name=\"twitter:label1\" content=\"Dur\u00e9e de lecture estim\u00e9e\" \/>\n\t<meta name=\"twitter:data1\" content=\"1 minute\" \/>\n<script type=\"application\/ld+json\" class=\"yoast-schema-graph\">{\"@context\":\"https:\\\/\\\/schema.org\",\"@graph\":[{\"@type\":\"WebPage\",\"@id\":\"https:\\\/\\\/pyromeral.com\\\/fr\\\/fiches-produits\\\/\",\"url\":\"https:\\\/\\\/pyromeral.com\\\/fr\\\/fiches-produits\\\/\",\"name\":\"Fiches produits - Pyromeral\",\"isPartOf\":{\"@id\":\"https:\\\/\\\/pyromeral.com\\\/fr\\\/#website\"},\"datePublished\":\"2026-02-02T09:51:36+00:00\",\"dateModified\":\"2026-02-02T10:09:27+00:00\",\"breadcrumb\":{\"@id\":\"https:\\\/\\\/pyromeral.com\\\/fr\\\/fiches-produits\\\/#breadcrumb\"},\"inLanguage\":\"fr-FR\",\"potentialAction\":[{\"@type\":\"ReadAction\",\"target\":[\"https:\\\/\\\/pyromeral.com\\\/fr\\\/fiches-produits\\\/\"]}]},{\"@type\":\"BreadcrumbList\",\"@id\":\"https:\\\/\\\/pyromeral.com\\\/fr\\\/fiches-produits\\\/#breadcrumb\",\"itemListElement\":[{\"@type\":\"ListItem\",\"position\":1,\"name\":\"Accueil\",\"item\":\"https:\\\/\\\/pyromeral.com\\\/fr\\\/\"},{\"@type\":\"ListItem\",\"position\":2,\"name\":\"Fiches produits\"}]},{\"@type\":\"WebSite\",\"@id\":\"https:\\\/\\\/pyromeral.com\\\/fr\\\/#website\",\"url\":\"https:\\\/\\\/pyromeral.com\\\/fr\\\/\",\"name\":\"Pyromeral\",\"description\":\"\",\"publisher\":{\"@id\":\"https:\\\/\\\/pyromeral.com\\\/fr\\\/#organization\"},\"potentialAction\":[{\"@type\":\"SearchAction\",\"target\":{\"@type\":\"EntryPoint\",\"urlTemplate\":\"https:\\\/\\\/pyromeral.com\\\/fr\\\/?s={search_term_string}\"},\"query-input\":{\"@type\":\"PropertyValueSpecification\",\"valueRequired\":true,\"valueName\":\"search_term_string\"}}],\"inLanguage\":\"fr-FR\"},{\"@type\":\"Organization\",\"@id\":\"https:\\\/\\\/pyromeral.com\\\/fr\\\/#organization\",\"name\":\"Pyromeral\",\"url\":\"https:\\\/\\\/pyromeral.com\\\/fr\\\/\",\"logo\":{\"@type\":\"ImageObject\",\"inLanguage\":\"fr-FR\",\"@id\":\"https:\\\/\\\/pyromeral.com\\\/fr\\\/#\\\/schema\\\/logo\\\/image\\\/\",\"url\":\"https:\\\/\\\/pyromeral.com\\\/wp-content\\\/uploads\\\/2021\\\/06\\\/logo.png\",\"contentUrl\":\"https:\\\/\\\/pyromeral.com\\\/wp-content\\\/uploads\\\/2021\\\/06\\\/logo.png\",\"width\":420,\"height\":150,\"caption\":\"Pyromeral\"},\"image\":{\"@id\":\"https:\\\/\\\/pyromeral.com\\\/fr\\\/#\\\/schema\\\/logo\\\/image\\\/\"}}]}<\/script>\n<!-- \/ Yoast SEO plugin. -->","yoast_head_json":{"title":"Fiches produits - Pyromeral","robots":{"index":"index","follow":"follow","max-snippet":"max-snippet:-1","max-image-preview":"max-image-preview:large","max-video-preview":"max-video-preview:-1"},"canonical":"https:\/\/pyromeral.com\/fr\/fiches-produits\/","og_locale":"fr_FR","og_type":"article","og_title":"Fiches produits - Pyromeral","og_description":"Les mat\u00e9riaux Pyromeral sont con\u00e7us pour r\u00e9sister aux flammes et aux temp\u00e9ratures extr\u00eames, r\u00e9pondant aux exigences les plus strictes des applications \u00e0 haute temp\u00e9rature : Le Pyrokarb associe une fibre de carbone \u00e0 une r\u00e9sine Pyromeral, offrant une solution l\u00e9g\u00e8re, id\u00e9ale pour la r\u00e9sistance aux feux et \u00e0 l\u2019emballement thermique des batteries. Le Pyrosic, compos\u00e9 [&hellip;]","og_url":"https:\/\/pyromeral.com\/fr\/fiches-produits\/","og_site_name":"Pyromeral","article_modified_time":"2026-02-02T10:09:27+00:00","twitter_card":"summary_large_image","twitter_misc":{"Dur\u00e9e de lecture estim\u00e9e":"1 minute"},"schema":{"@context":"https:\/\/schema.org","@graph":[{"@type":"WebPage","@id":"https:\/\/pyromeral.com\/fr\/fiches-produits\/","url":"https:\/\/pyromeral.com\/fr\/fiches-produits\/","name":"Fiches produits - Pyromeral","isPartOf":{"@id":"https:\/\/pyromeral.com\/fr\/#website"},"datePublished":"2026-02-02T09:51:36+00:00","dateModified":"2026-02-02T10:09:27+00:00","breadcrumb":{"@id":"https:\/\/pyromeral.com\/fr\/fiches-produits\/#breadcrumb"},"inLanguage":"fr-FR","potentialAction":[{"@type":"ReadAction","target":["https:\/\/pyromeral.com\/fr\/fiches-produits\/"]}]},{"@type":"BreadcrumbList","@id":"https:\/\/pyromeral.com\/fr\/fiches-produits\/#breadcrumb","itemListElement":[{"@type":"ListItem","position":1,"name":"Accueil","item":"https:\/\/pyromeral.com\/fr\/"},{"@type":"ListItem","position":2,"name":"Fiches produits"}]},{"@type":"WebSite","@id":"https:\/\/pyromeral.com\/fr\/#website","url":"https:\/\/pyromeral.com\/fr\/","name":"Pyromeral","description":"","publisher":{"@id":"https:\/\/pyromeral.com\/fr\/#organization"},"potentialAction":[{"@type":"SearchAction","target":{"@type":"EntryPoint","urlTemplate":"https:\/\/pyromeral.com\/fr\/?s={search_term_string}"},"query-input":{"@type":"PropertyValueSpecification","valueRequired":true,"valueName":"search_term_string"}}],"inLanguage":"fr-FR"},{"@type":"Organization","@id":"https:\/\/pyromeral.com\/fr\/#organization","name":"Pyromeral","url":"https:\/\/pyromeral.com\/fr\/","logo":{"@type":"ImageObject","inLanguage":"fr-FR","@id":"https:\/\/pyromeral.com\/fr\/#\/schema\/logo\/image\/","url":"https:\/\/pyromeral.com\/wp-content\/uploads\/2021\/06\/logo.png","contentUrl":"https:\/\/pyromeral.com\/wp-content\/uploads\/2021\/06\/logo.png","width":420,"height":150,"caption":"Pyromeral"},"image":{"@id":"https:\/\/pyromeral.com\/fr\/#\/schema\/logo\/image\/"}}]}},"_links":{"self":[{"href":"https:\/\/pyromeral.com\/fr\/wp-json\/wp\/v2\/pages\/6457","targetHints":{"allow":["GET"]}}],"collection":[{"href":"https:\/\/pyromeral.com\/fr\/wp-json\/wp\/v2\/pages"}],"about":[{"href":"https:\/\/pyromeral.com\/fr\/wp-json\/wp\/v2\/types\/page"}],"author":[{"embeddable":true,"href":"https:\/\/pyromeral.com\/fr\/wp-json\/wp\/v2\/users\/4"}],"replies":[{"embeddable":true,"href":"https:\/\/pyromeral.com\/fr\/wp-json\/wp\/v2\/comments?post=6457"}],"version-history":[{"count":7,"href":"https:\/\/pyromeral.com\/fr\/wp-json\/wp\/v2\/pages\/6457\/revisions"}],"predecessor-version":[{"id":6472,"href":"https:\/\/pyromeral.com\/fr\/wp-json\/wp\/v2\/pages\/6457\/revisions\/6472"}],"wp:attachment":[{"href":"https:\/\/pyromeral.com\/fr\/wp-json\/wp\/v2\/media?parent=6457"}],"curies":[{"name":"wp","href":"https:\/\/api.w.org\/{rel}","templated":true}]}}